{"id":10386,"date":"2024-10-08T11:16:15","date_gmt":"2024-10-08T11:16:15","guid":{"rendered":"https:\/\/quintadoscapinhas.com\/?post_type=product&#038;p=10386"},"modified":"2025-04-30T14:20:06","modified_gmt":"2025-04-30T14:20:06","slug":"touriga-nacional-grande-2021","status":"publish","type":"product","link":"https:\/\/quintadoscapinhas.com\/de\/produkt\/touriga-nacional-grande-2021\/","title":{"rendered":"Touriga Nacional Grande 2021"},"content":{"rendered":"<p><strong>Alkohol<\/strong><br \/>\n15%<\/p>\n<p><strong>Verbrauchsmodus<\/strong><br \/>\nEr sollte bei 16\u00baC konsumiert werden.<\/p>\n<p><strong>Terroir<\/strong><br \/>\nSandiger Lehm und Kalksteinb\u00f6den. Nach S\u00fcden ausgerichteter Weinberg. Das Hotel liegt nur 2000 Meter vom Meer entfernt und mit starker Exposition gegen\u00fcber dem Nordwind von Monchique.<\/p>\n<p><strong>Paarung mit Lebensmitteln<br \/>\n<\/strong>Der Wein verbindet reife Fr\u00fcchte mit Balsamico-Tabak, Graphit und Kakao. Blumig, mit Noten von Thymian und Heidekraut. Wildfleisch, Lammbraten,<br \/>\nEint\u00f6pfe und Fleisch, das reich an So\u00dfen ist. Harte, kr\u00e4ftige K\u00e4sesorten.<\/p>\n<p><strong>Weinlese<\/strong><br \/>\nDie Ernte erfolgt nachts von Hand. Die Trauben werden entrappt, gequetscht, entrappt und bei kontrollierter Temperatur vergoren. Reifung in franz\u00f6sischen Eichenf\u00e4ssern f\u00fcr 12 Monate.<\/p>\n<p><strong>Konservierung<\/strong><br \/>\nDie Flaschen m\u00fcssen vor Sonneneinstrahlung gesch\u00fctzt werden, ohne Schwingungen oder Vibrationen, in einer ganz oder teilweise horizontalen Position, mit dem Wein in Kontakt mit dem Korken, an einem k\u00fchlen Ort (zwischen 10 und 15\u00baC)<\/p>\n<p><strong>Allergene<\/strong><br \/>\nEnth\u00e4lt Sulfite<\/p>","protected":false},"excerpt":{"rendered":"<p>Der Wein verbindet reife Fr\u00fcchte mit Balsamico-Tabak, Graphit und Kakao. Blumig, mit Noten von Zistrosen und Heidekraut. Sehr komplex, elegant und harmonisch. Langer und widerstandsf\u00e4higer Nachgeschmack.<\/p>","protected":false},"featured_media":10391,"comment_status":"closed","ping_status":"closed","template":"","meta":[],"product_brand":[],"product_cat":[67],"product_tag":[],"class_list":{"0":"post-10386","1":"product","2":"type-product","3":"status-publish","4":"has-post-thumbnail","6":"product_cat-red-wine","8":"first","9":"instock","10":"shipping-taxable","11":"purchasable","12":"product-type-simple"},"yoast_head":"<!-- This site is optimized with the Yoast SEO plugin v26.8 - https:\/\/yoast.com\/product\/yoast-seo-wordpress\/ -->\n<title>Touriga Nacional Grande 2021 &#8212; Quinta dos Capinhas<\/title>\n<meta name=\"description\" content=\"Know all about the delicious Touriga Nacional Grande 2021 wines by Quinta dos Capinhas, a beautiful vineyard in the Algarve region. Delivery in Portugal.\" \/>\n<meta name=\"robots\" content=\"index, follow, max-snippet:-1, max-image-preview:large, max-video-preview:-1\" \/>\n<link rel=\"canonical\" href=\"https:\/\/quintadoscapinhas.com\/de\/produkt\/touriga-nacional-grande-2021\/\" \/>\n<meta property=\"og:locale\" content=\"de_DE\" \/>\n<meta property=\"og:type\" content=\"article\" \/>\n<meta property=\"og:title\" content=\"Touriga Nacional Grande 2021 &#8212; Quinta dos Capinhas\" \/>\n<meta property=\"og:description\" content=\"Know all about the delicious Touriga Nacional Grande 2021 wines by Quinta dos Capinhas, a beautiful vineyard in the Algarve region. Delivery in Portugal.\" \/>\n<meta property=\"og:url\" content=\"https:\/\/quintadoscapinhas.com\/de\/produkt\/touriga-nacional-grande-2021\/\" \/>\n<meta property=\"og:site_name\" content=\"Quinta dos Capinhas\" \/>\n<meta property=\"article:modified_time\" content=\"2025-04-30T14:20:06+00:00\" \/>\n<meta property=\"og:image\" content=\"https:\/\/quintadoscapinhas.com\/wp-content\/uploads\/2024\/07\/Touriga-Nacional-Grande-2021.png\" \/>\n\t<meta property=\"og:image:width\" content=\"1080\" \/>\n\t<meta property=\"og:image:height\" content=\"1080\" \/>\n\t<meta property=\"og:image:type\" content=\"image\/png\" \/>\n<meta name=\"twitter:card\" content=\"summary_large_image\" \/>\n<script type=\"application\/ld+json\" class=\"yoast-schema-graph\">{\"@context\":\"https:\/\/schema.org\",\"@graph\":[{\"@type\":\"WebPage\",\"@id\":\"https:\/\/quintadoscapinhas.com\/product\/touriga-nacional-grande-2021\/\",\"url\":\"https:\/\/quintadoscapinhas.com\/product\/touriga-nacional-grande-2021\/\",\"name\":\"Touriga Nacional Grande 2021 &#8212; Quinta dos Capinhas\",\"isPartOf\":{\"@id\":\"https:\/\/quintadoscapinhas.com\/#website\"},\"primaryImageOfPage\":{\"@id\":\"https:\/\/quintadoscapinhas.com\/product\/touriga-nacional-grande-2021\/#primaryimage\"},\"image\":{\"@id\":\"https:\/\/quintadoscapinhas.com\/product\/touriga-nacional-grande-2021\/#primaryimage\"},\"thumbnailUrl\":\"https:\/\/quintadoscapinhas.com\/wp-content\/uploads\/2024\/07\/Touriga-Nacional-Grande-2021.png\",\"datePublished\":\"2024-10-08T11:16:15+00:00\",\"dateModified\":\"2025-04-30T14:20:06+00:00\",\"description\":\"Know all about the delicious Touriga Nacional Grande 2021 wines by Quinta dos Capinhas, a beautiful vineyard in the Algarve region. Delivery in Portugal.\",\"breadcrumb\":{\"@id\":\"https:\/\/quintadoscapinhas.com\/product\/touriga-nacional-grande-2021\/#breadcrumb\"},\"inLanguage\":\"de\",\"potentialAction\":[{\"@type\":\"ReadAction\",\"target\":[\"https:\/\/quintadoscapinhas.com\/product\/touriga-nacional-grande-2021\/\"]}]},{\"@type\":\"ImageObject\",\"inLanguage\":\"de\",\"@id\":\"https:\/\/quintadoscapinhas.com\/product\/touriga-nacional-grande-2021\/#primaryimage\",\"url\":\"https:\/\/quintadoscapinhas.com\/wp-content\/uploads\/2024\/07\/Touriga-Nacional-Grande-2021.png\",\"contentUrl\":\"https:\/\/quintadoscapinhas.com\/wp-content\/uploads\/2024\/07\/Touriga-Nacional-Grande-2021.png\",\"width\":1080,\"height\":1080},{\"@type\":\"BreadcrumbList\",\"@id\":\"https:\/\/quintadoscapinhas.com\/product\/touriga-nacional-grande-2021\/#breadcrumb\",\"itemListElement\":[{\"@type\":\"ListItem\",\"position\":1,\"name\":\"Home\",\"item\":\"https:\/\/quintadoscapinhas.com\/\"},{\"@type\":\"ListItem\",\"position\":2,\"name\":\"Shop\",\"item\":\"https:\/\/quintadoscapinhas.com\/shop\/\"},{\"@type\":\"ListItem\",\"position\":3,\"name\":\"Touriga Nacional Grande 2021\"}]},{\"@type\":\"WebSite\",\"@id\":\"https:\/\/quintadoscapinhas.com\/#website\",\"url\":\"https:\/\/quintadoscapinhas.com\/\",\"name\":\"Quinta dos Capinhas\",\"description\":\"Liderando a nova vaga de vinhos algarvios\",\"publisher\":{\"@id\":\"https:\/\/quintadoscapinhas.com\/#organization\"},\"alternateName\":\"Quinta dos Capinhas - Liderando a nova vaga de vinhos algarvios\",\"potentialAction\":[{\"@type\":\"SearchAction\",\"target\":{\"@type\":\"EntryPoint\",\"urlTemplate\":\"https:\/\/quintadoscapinhas.com\/?s={search_term_string}\"},\"query-input\":{\"@type\":\"PropertyValueSpecification\",\"valueRequired\":true,\"valueName\":\"search_term_string\"}}],\"inLanguage\":\"de\"},{\"@type\":\"Organization\",\"@id\":\"https:\/\/quintadoscapinhas.com\/#organization\",\"name\":\"Quinta dos Capinhas\",\"alternateName\":\"Quinta dos Capinhas\",\"url\":\"https:\/\/quintadoscapinhas.com\/\",\"logo\":{\"@type\":\"ImageObject\",\"inLanguage\":\"de\",\"@id\":\"https:\/\/quintadoscapinhas.com\/#\/schema\/logo\/image\/\",\"url\":\"https:\/\/quintadoscapinhas.com\/wp-content\/uploads\/2022\/05\/Logo-com-camaleao-fundo-transparente-1.png\",\"contentUrl\":\"https:\/\/quintadoscapinhas.com\/wp-content\/uploads\/2022\/05\/Logo-com-camaleao-fundo-transparente-1.png\",\"width\":3000,\"height\":1200,\"caption\":\"Quinta dos Capinhas\"},\"image\":{\"@id\":\"https:\/\/quintadoscapinhas.com\/#\/schema\/logo\/image\/\"}}]}<\/script>\n<!-- \/ Yoast SEO plugin. -->","yoast_head_json":{"title":"Touriga Nacional Grande 2021 &#8212; Quinta dos Capinhas","description":"Know all about the delicious Touriga Nacional Grande 2021 wines by Quinta dos Capinhas, a beautiful vineyard in the Algarve region. Delivery in Portugal.","robots":{"index":"index","follow":"follow","max-snippet":"max-snippet:-1","max-image-preview":"max-image-preview:large","max-video-preview":"max-video-preview:-1"},"canonical":"https:\/\/quintadoscapinhas.com\/de\/produkt\/touriga-nacional-grande-2021\/","og_locale":"de_DE","og_type":"article","og_title":"Touriga Nacional Grande 2021 &#8212; Quinta dos Capinhas","og_description":"Know all about the delicious Touriga Nacional Grande 2021 wines by Quinta dos Capinhas, a beautiful vineyard in the Algarve region. Delivery in Portugal.","og_url":"https:\/\/quintadoscapinhas.com\/de\/produkt\/touriga-nacional-grande-2021\/","og_site_name":"Quinta dos Capinhas","article_modified_time":"2025-04-30T14:20:06+00:00","og_image":[{"width":1080,"height":1080,"url":"https:\/\/quintadoscapinhas.com\/wp-content\/uploads\/2024\/07\/Touriga-Nacional-Grande-2021.png","type":"image\/png"}],"twitter_card":"summary_large_image","schema":{"@context":"https:\/\/schema.org","@graph":[{"@type":"WebPage","@id":"https:\/\/quintadoscapinhas.com\/product\/touriga-nacional-grande-2021\/","url":"https:\/\/quintadoscapinhas.com\/product\/touriga-nacional-grande-2021\/","name":"Touriga Nacional Grande 2021 &#8212; Quinta dos Capinhas","isPartOf":{"@id":"https:\/\/quintadoscapinhas.com\/#website"},"primaryImageOfPage":{"@id":"https:\/\/quintadoscapinhas.com\/product\/touriga-nacional-grande-2021\/#primaryimage"},"image":{"@id":"https:\/\/quintadoscapinhas.com\/product\/touriga-nacional-grande-2021\/#primaryimage"},"thumbnailUrl":"https:\/\/quintadoscapinhas.com\/wp-content\/uploads\/2024\/07\/Touriga-Nacional-Grande-2021.png","datePublished":"2024-10-08T11:16:15+00:00","dateModified":"2025-04-30T14:20:06+00:00","description":"Know all about the delicious Touriga Nacional Grande 2021 wines by Quinta dos Capinhas, a beautiful vineyard in the Algarve region. Delivery in Portugal.","breadcrumb":{"@id":"https:\/\/quintadoscapinhas.com\/product\/touriga-nacional-grande-2021\/#breadcrumb"},"inLanguage":"de","potentialAction":[{"@type":"ReadAction","target":["https:\/\/quintadoscapinhas.com\/product\/touriga-nacional-grande-2021\/"]}]},{"@type":"ImageObject","inLanguage":"de","@id":"https:\/\/quintadoscapinhas.com\/product\/touriga-nacional-grande-2021\/#primaryimage","url":"https:\/\/quintadoscapinhas.com\/wp-content\/uploads\/2024\/07\/Touriga-Nacional-Grande-2021.png","contentUrl":"https:\/\/quintadoscapinhas.com\/wp-content\/uploads\/2024\/07\/Touriga-Nacional-Grande-2021.png","width":1080,"height":1080},{"@type":"BreadcrumbList","@id":"https:\/\/quintadoscapinhas.com\/product\/touriga-nacional-grande-2021\/#breadcrumb","itemListElement":[{"@type":"ListItem","position":1,"name":"Home","item":"https:\/\/quintadoscapinhas.com\/"},{"@type":"ListItem","position":2,"name":"Shop","item":"https:\/\/quintadoscapinhas.com\/shop\/"},{"@type":"ListItem","position":3,"name":"Touriga Nacional Grande 2021"}]},{"@type":"WebSite","@id":"https:\/\/quintadoscapinhas.com\/#website","url":"https:\/\/quintadoscapinhas.com\/","name":"Quinta dos Capinhas","description":"Liderando a nova vaga de vinhos algarvios","publisher":{"@id":"https:\/\/quintadoscapinhas.com\/#organization"},"alternateName":"Quinta dos Capinhas - Liderando a nova vaga de vinhos algarvios","potentialAction":[{"@type":"SearchAction","target":{"@type":"EntryPoint","urlTemplate":"https:\/\/quintadoscapinhas.com\/?s={search_term_string}"},"query-input":{"@type":"PropertyValueSpecification","valueRequired":true,"valueName":"search_term_string"}}],"inLanguage":"de"},{"@type":"Organization","@id":"https:\/\/quintadoscapinhas.com\/#organization","name":"Quinta dos Capinhas","alternateName":"Quinta dos Capinhas","url":"https:\/\/quintadoscapinhas.com\/","logo":{"@type":"ImageObject","inLanguage":"de","@id":"https:\/\/quintadoscapinhas.com\/#\/schema\/logo\/image\/","url":"https:\/\/quintadoscapinhas.com\/wp-content\/uploads\/2022\/05\/Logo-com-camaleao-fundo-transparente-1.png","contentUrl":"https:\/\/quintadoscapinhas.com\/wp-content\/uploads\/2022\/05\/Logo-com-camaleao-fundo-transparente-1.png","width":3000,"height":1200,"caption":"Quinta dos Capinhas"},"image":{"@id":"https:\/\/quintadoscapinhas.com\/#\/schema\/logo\/image\/"}}]}},"_links":{"self":[{"href":"https:\/\/quintadoscapinhas.com\/de\/wp-json\/wp\/v2\/product\/10386","targetHints":{"allow":["GET"]}}],"collection":[{"href":"https:\/\/quintadoscapinhas.com\/de\/wp-json\/wp\/v2\/product"}],"about":[{"href":"https:\/\/quintadoscapinhas.com\/de\/wp-json\/wp\/v2\/types\/product"}],"replies":[{"embeddable":true,"href":"https:\/\/quintadoscapinhas.com\/de\/wp-json\/wp\/v2\/comments?post=10386"}],"wp:featuredmedia":[{"embeddable":true,"href":"https:\/\/quintadoscapinhas.com\/de\/wp-json\/wp\/v2\/media\/10391"}],"wp:attachment":[{"href":"https:\/\/quintadoscapinhas.com\/de\/wp-json\/wp\/v2\/media?parent=10386"}],"wp:term":[{"taxonomy":"product_brand","embeddable":true,"href":"https:\/\/quintadoscapinhas.com\/de\/wp-json\/wp\/v2\/product_brand?post=10386"},{"taxonomy":"product_cat","embeddable":true,"href":"https:\/\/quintadoscapinhas.com\/de\/wp-json\/wp\/v2\/product_cat?post=10386"},{"taxonomy":"product_tag","embeddable":true,"href":"https:\/\/quintadoscapinhas.com\/de\/wp-json\/wp\/v2\/product_tag?post=10386"}],"curies":[{"name":"wp","href":"https:\/\/api.w.org\/{rel}","templated":true}]}}