{"id":1105,"date":"2021-01-12T10:27:08","date_gmt":"2021-01-12T10:27:08","guid":{"rendered":"https:\/\/quintadoscapinhas.com\/?post_type=product&#038;p=1105"},"modified":"2025-01-18T12:21:49","modified_gmt":"2025-01-18T12:21:49","slug":"tinto-colheita-2019","status":"publish","type":"product","link":"https:\/\/quintadoscapinhas.com\/de\/produkt\/tinto-colheita-2019\/","title":{"rendered":"Tinto Colheita 2019"},"content":{"rendered":"<p><strong>Alkohol<\/strong><br \/>\n14%<\/p>\n<p><strong>Verbrauchsmodus<\/strong><br \/>\nEr sollte bei 16\u00baC konsumiert werden.<\/p>\n<p><strong>Paarung mit Lebensmitteln<\/strong><br \/>\nK\u00e4se, Wurst, rotes und wei\u00dfes Fleisch, Sardinen<\/p>\n<p><strong>Weinlese<\/strong><br \/>\nManuell und nachts, um die ganze Qualit\u00e4t der Trauben zu bewahren, die streng aus unserem Weinberg in Quinta dos Capinhas ausgew\u00e4hlt wurden<\/p>\n<p><strong>Konservierung<\/strong><br \/>\nDie Flaschen m\u00fcssen vor Sonneneinstrahlung gesch\u00fctzt werden, ohne Schwingungen oder Vibrationen, in einer ganz oder teilweise horizontalen Position, mit dem Wein in Kontakt mit dem Korken, an einem k\u00fchlen Ort (zwischen 10 und 15\u00baC)<\/p>\n<p><strong>Allergene<\/strong><br \/>\nEnth\u00e4lt Sulfite<\/p>","protected":false},"excerpt":{"rendered":"<p>Feine Aromen von roten Fr\u00fcchten, Brombeeren, Kirschen, Pflaumen, Schokolade und R\u00f6staromen zeichnen ihn aus. Frisch, komplex, mit balsamischer Tiefe. Ein sehr vollmundiger und verf\u00fchrerischer Wein.<\/p>","protected":false},"featured_media":4856,"comment_status":"closed","ping_status":"closed","template":"","meta":[],"product_brand":[],"product_cat":[67],"product_tag":[],"class_list":{"0":"post-1105","1":"product","2":"type-product","3":"status-publish","4":"has-post-thumbnail","6":"product_cat-red-wine","8":"first","9":"instock","10":"shipping-taxable","11":"purchasable","12":"product-type-simple"},"yoast_head":"<!-- This site is optimized with the Yoast SEO plugin v26.8 - https:\/\/yoast.com\/product\/yoast-seo-wordpress\/ -->\n<title>Tinto Colheita 2019 &#8212; Quinta dos Capinhas<\/title>\n<meta name=\"description\" content=\"Know all about the delicious Tinto Colheita 2019 wines by Quinta dos Capinhas, a beautiful vineyard in the Algarve region. Delivery in continental Portugal.\" \/>\n<meta name=\"robots\" content=\"index, follow, max-snippet:-1, max-image-preview:large, max-video-preview:-1\" \/>\n<link rel=\"canonical\" href=\"https:\/\/quintadoscapinhas.com\/de\/produkt\/tinto-colheita-2019\/\" \/>\n<meta property=\"og:locale\" content=\"de_DE\" \/>\n<meta property=\"og:type\" content=\"article\" \/>\n<meta property=\"og:title\" content=\"Tinto Colheita 2019 &#8212; Quinta dos Capinhas\" \/>\n<meta property=\"og:description\" content=\"Know all about the delicious Tinto Colheita 2019 wines by Quinta dos Capinhas, a beautiful vineyard in the Algarve region. Delivery in continental Portugal.\" \/>\n<meta property=\"og:url\" content=\"https:\/\/quintadoscapinhas.com\/de\/produkt\/tinto-colheita-2019\/\" \/>\n<meta property=\"og:site_name\" content=\"Quinta dos Capinhas\" \/>\n<meta property=\"article:modified_time\" content=\"2025-01-18T12:21:49+00:00\" \/>\n<meta property=\"og:image\" content=\"https:\/\/quintadoscapinhas.com\/wp-content\/uploads\/2021\/01\/MG_2943_square_t-1.png\" \/>\n\t<meta property=\"og:image:width\" content=\"2592\" \/>\n\t<meta property=\"og:image:height\" content=\"2592\" \/>\n\t<meta property=\"og:image:type\" content=\"image\/png\" \/>\n<meta name=\"twitter:card\" content=\"summary_large_image\" \/>\n<script type=\"application\/ld+json\" class=\"yoast-schema-graph\">{\"@context\":\"https:\/\/schema.org\",\"@graph\":[{\"@type\":\"WebPage\",\"@id\":\"https:\/\/quintadoscapinhas.com\/product\/tinto-colheita-2019\/\",\"url\":\"https:\/\/quintadoscapinhas.com\/product\/tinto-colheita-2019\/\",\"name\":\"Tinto Colheita 2019 &#8212; Quinta dos Capinhas\",\"isPartOf\":{\"@id\":\"https:\/\/quintadoscapinhas.com\/#website\"},\"primaryImageOfPage\":{\"@id\":\"https:\/\/quintadoscapinhas.com\/product\/tinto-colheita-2019\/#primaryimage\"},\"image\":{\"@id\":\"https:\/\/quintadoscapinhas.com\/product\/tinto-colheita-2019\/#primaryimage\"},\"thumbnailUrl\":\"https:\/\/quintadoscapinhas.com\/wp-content\/uploads\/2021\/01\/MG_2943_square_t-1.png\",\"datePublished\":\"2021-01-12T10:27:08+00:00\",\"dateModified\":\"2025-01-18T12:21:49+00:00\",\"description\":\"Know all about the delicious Tinto Colheita 2019 wines by Quinta dos Capinhas, a beautiful vineyard in the Algarve region. Delivery in continental Portugal.\",\"breadcrumb\":{\"@id\":\"https:\/\/quintadoscapinhas.com\/product\/tinto-colheita-2019\/#breadcrumb\"},\"inLanguage\":\"de\",\"potentialAction\":[{\"@type\":\"ReadAction\",\"target\":[\"https:\/\/quintadoscapinhas.com\/product\/tinto-colheita-2019\/\"]}]},{\"@type\":\"ImageObject\",\"inLanguage\":\"de\",\"@id\":\"https:\/\/quintadoscapinhas.com\/product\/tinto-colheita-2019\/#primaryimage\",\"url\":\"https:\/\/quintadoscapinhas.com\/wp-content\/uploads\/2021\/01\/MG_2943_square_t-1.png\",\"contentUrl\":\"https:\/\/quintadoscapinhas.com\/wp-content\/uploads\/2021\/01\/MG_2943_square_t-1.png\",\"width\":2592,\"height\":2592},{\"@type\":\"BreadcrumbList\",\"@id\":\"https:\/\/quintadoscapinhas.com\/product\/tinto-colheita-2019\/#breadcrumb\",\"itemListElement\":[{\"@type\":\"ListItem\",\"position\":1,\"name\":\"Home\",\"item\":\"https:\/\/quintadoscapinhas.com\/\"},{\"@type\":\"ListItem\",\"position\":2,\"name\":\"Shop\",\"item\":\"https:\/\/quintadoscapinhas.com\/shop\/\"},{\"@type\":\"ListItem\",\"position\":3,\"name\":\"Tinto Colheita 2019\"}]},{\"@type\":\"WebSite\",\"@id\":\"https:\/\/quintadoscapinhas.com\/#website\",\"url\":\"https:\/\/quintadoscapinhas.com\/\",\"name\":\"Quinta dos Capinhas\",\"description\":\"Liderando a nova vaga de vinhos algarvios\",\"publisher\":{\"@id\":\"https:\/\/quintadoscapinhas.com\/#organization\"},\"alternateName\":\"Quinta dos Capinhas - Liderando a nova vaga de vinhos algarvios\",\"potentialAction\":[{\"@type\":\"SearchAction\",\"target\":{\"@type\":\"EntryPoint\",\"urlTemplate\":\"https:\/\/quintadoscapinhas.com\/?s={search_term_string}\"},\"query-input\":{\"@type\":\"PropertyValueSpecification\",\"valueRequired\":true,\"valueName\":\"search_term_string\"}}],\"inLanguage\":\"de\"},{\"@type\":\"Organization\",\"@id\":\"https:\/\/quintadoscapinhas.com\/#organization\",\"name\":\"Quinta dos Capinhas\",\"alternateName\":\"Quinta dos Capinhas\",\"url\":\"https:\/\/quintadoscapinhas.com\/\",\"logo\":{\"@type\":\"ImageObject\",\"inLanguage\":\"de\",\"@id\":\"https:\/\/quintadoscapinhas.com\/#\/schema\/logo\/image\/\",\"url\":\"https:\/\/quintadoscapinhas.com\/wp-content\/uploads\/2022\/05\/Logo-com-camaleao-fundo-transparente-1.png\",\"contentUrl\":\"https:\/\/quintadoscapinhas.com\/wp-content\/uploads\/2022\/05\/Logo-com-camaleao-fundo-transparente-1.png\",\"width\":3000,\"height\":1200,\"caption\":\"Quinta dos Capinhas\"},\"image\":{\"@id\":\"https:\/\/quintadoscapinhas.com\/#\/schema\/logo\/image\/\"}}]}<\/script>\n<!-- \/ Yoast SEO plugin. -->","yoast_head_json":{"title":"Tinto Colheita 2019 &#8212; Quinta dos Capinhas","description":"Know all about the delicious Tinto Colheita 2019 wines by Quinta dos Capinhas, a beautiful vineyard in the Algarve region. Delivery in continental Portugal.","robots":{"index":"index","follow":"follow","max-snippet":"max-snippet:-1","max-image-preview":"max-image-preview:large","max-video-preview":"max-video-preview:-1"},"canonical":"https:\/\/quintadoscapinhas.com\/de\/produkt\/tinto-colheita-2019\/","og_locale":"de_DE","og_type":"article","og_title":"Tinto Colheita 2019 &#8212; Quinta dos Capinhas","og_description":"Know all about the delicious Tinto Colheita 2019 wines by Quinta dos Capinhas, a beautiful vineyard in the Algarve region. Delivery in continental Portugal.","og_url":"https:\/\/quintadoscapinhas.com\/de\/produkt\/tinto-colheita-2019\/","og_site_name":"Quinta dos Capinhas","article_modified_time":"2025-01-18T12:21:49+00:00","og_image":[{"width":2592,"height":2592,"url":"https:\/\/quintadoscapinhas.com\/wp-content\/uploads\/2021\/01\/MG_2943_square_t-1.png","type":"image\/png"}],"twitter_card":"summary_large_image","schema":{"@context":"https:\/\/schema.org","@graph":[{"@type":"WebPage","@id":"https:\/\/quintadoscapinhas.com\/product\/tinto-colheita-2019\/","url":"https:\/\/quintadoscapinhas.com\/product\/tinto-colheita-2019\/","name":"Tinto Colheita 2019 &#8212; Quinta dos Capinhas","isPartOf":{"@id":"https:\/\/quintadoscapinhas.com\/#website"},"primaryImageOfPage":{"@id":"https:\/\/quintadoscapinhas.com\/product\/tinto-colheita-2019\/#primaryimage"},"image":{"@id":"https:\/\/quintadoscapinhas.com\/product\/tinto-colheita-2019\/#primaryimage"},"thumbnailUrl":"https:\/\/quintadoscapinhas.com\/wp-content\/uploads\/2021\/01\/MG_2943_square_t-1.png","datePublished":"2021-01-12T10:27:08+00:00","dateModified":"2025-01-18T12:21:49+00:00","description":"Know all about the delicious Tinto Colheita 2019 wines by Quinta dos Capinhas, a beautiful vineyard in the Algarve region. Delivery in continental Portugal.","breadcrumb":{"@id":"https:\/\/quintadoscapinhas.com\/product\/tinto-colheita-2019\/#breadcrumb"},"inLanguage":"de","potentialAction":[{"@type":"ReadAction","target":["https:\/\/quintadoscapinhas.com\/product\/tinto-colheita-2019\/"]}]},{"@type":"ImageObject","inLanguage":"de","@id":"https:\/\/quintadoscapinhas.com\/product\/tinto-colheita-2019\/#primaryimage","url":"https:\/\/quintadoscapinhas.com\/wp-content\/uploads\/2021\/01\/MG_2943_square_t-1.png","contentUrl":"https:\/\/quintadoscapinhas.com\/wp-content\/uploads\/2021\/01\/MG_2943_square_t-1.png","width":2592,"height":2592},{"@type":"BreadcrumbList","@id":"https:\/\/quintadoscapinhas.com\/product\/tinto-colheita-2019\/#breadcrumb","itemListElement":[{"@type":"ListItem","position":1,"name":"Home","item":"https:\/\/quintadoscapinhas.com\/"},{"@type":"ListItem","position":2,"name":"Shop","item":"https:\/\/quintadoscapinhas.com\/shop\/"},{"@type":"ListItem","position":3,"name":"Tinto Colheita 2019"}]},{"@type":"WebSite","@id":"https:\/\/quintadoscapinhas.com\/#website","url":"https:\/\/quintadoscapinhas.com\/","name":"Quinta dos Capinhas","description":"Liderando a nova vaga de vinhos algarvios","publisher":{"@id":"https:\/\/quintadoscapinhas.com\/#organization"},"alternateName":"Quinta dos Capinhas - Liderando a nova vaga de vinhos algarvios","potentialAction":[{"@type":"SearchAction","target":{"@type":"EntryPoint","urlTemplate":"https:\/\/quintadoscapinhas.com\/?s={search_term_string}"},"query-input":{"@type":"PropertyValueSpecification","valueRequired":true,"valueName":"search_term_string"}}],"inLanguage":"de"},{"@type":"Organization","@id":"https:\/\/quintadoscapinhas.com\/#organization","name":"Quinta dos Capinhas","alternateName":"Quinta dos Capinhas","url":"https:\/\/quintadoscapinhas.com\/","logo":{"@type":"ImageObject","inLanguage":"de","@id":"https:\/\/quintadoscapinhas.com\/#\/schema\/logo\/image\/","url":"https:\/\/quintadoscapinhas.com\/wp-content\/uploads\/2022\/05\/Logo-com-camaleao-fundo-transparente-1.png","contentUrl":"https:\/\/quintadoscapinhas.com\/wp-content\/uploads\/2022\/05\/Logo-com-camaleao-fundo-transparente-1.png","width":3000,"height":1200,"caption":"Quinta dos Capinhas"},"image":{"@id":"https:\/\/quintadoscapinhas.com\/#\/schema\/logo\/image\/"}}]}},"_links":{"self":[{"href":"https:\/\/quintadoscapinhas.com\/de\/wp-json\/wp\/v2\/product\/1105","targetHints":{"allow":["GET"]}}],"collection":[{"href":"https:\/\/quintadoscapinhas.com\/de\/wp-json\/wp\/v2\/product"}],"about":[{"href":"https:\/\/quintadoscapinhas.com\/de\/wp-json\/wp\/v2\/types\/product"}],"replies":[{"embeddable":true,"href":"https:\/\/quintadoscapinhas.com\/de\/wp-json\/wp\/v2\/comments?post=1105"}],"wp:featuredmedia":[{"embeddable":true,"href":"https:\/\/quintadoscapinhas.com\/de\/wp-json\/wp\/v2\/media\/4856"}],"wp:attachment":[{"href":"https:\/\/quintadoscapinhas.com\/de\/wp-json\/wp\/v2\/media?parent=1105"}],"wp:term":[{"taxonomy":"product_brand","embeddable":true,"href":"https:\/\/quintadoscapinhas.com\/de\/wp-json\/wp\/v2\/product_brand?post=1105"},{"taxonomy":"product_cat","embeddable":true,"href":"https:\/\/quintadoscapinhas.com\/de\/wp-json\/wp\/v2\/product_cat?post=1105"},{"taxonomy":"product_tag","embeddable":true,"href":"https:\/\/quintadoscapinhas.com\/de\/wp-json\/wp\/v2\/product_tag?post=1105"}],"curies":[{"name":"wp","href":"https:\/\/api.w.org\/{rel}","templated":true}]}}