{"id":8872,"date":"2024-07-10T17:53:48","date_gmt":"2024-07-10T17:53:48","guid":{"rendered":"https:\/\/quintadoscapinhas.com\/?post_type=product&#038;p=8872"},"modified":"2026-01-07T15:12:44","modified_gmt":"2026-01-07T15:12:44","slug":"chardonnay-reserva-2024","status":"publish","type":"product","link":"https:\/\/quintadoscapinhas.com\/de\/produkt\/chardonnay-reserva-2024\/","title":{"rendered":"Chardonnay Reserva 2024"},"content":{"rendered":"<p><strong>Terroir<br \/>\n<\/strong>Sandiger Lehm und Kalksteinb\u00f6den. Der Weinberg ist nach S\u00fcden ausgerichtet. Das Hotel liegt nur 2000 Meter vom Meer entfernt und mit starker Exposition gegen\u00fcber dem Nordwind von Monchique.<\/p>\n<p><strong>Weinbereitung<\/strong><br \/>\nG\u00e4rung in franz\u00f6sischen Eichenf\u00e4ssern Franz\u00f6sisch. Reifung: 6 Monate in franz\u00f6sischen Eichenf\u00e4ssern. Franz\u00f6sisch Eichenf\u00e4sser.<\/p>\n<p><strong>Paarung mit Lebensmitteln<\/strong><br \/>\nKr\u00e4ftige K\u00e4sesorten, im Ofen gebratener Fisch, Cataplana aus der Algarve, asiatisches Essen.<\/p>\n<p><strong>Konservierung<\/strong><br \/>\nDie Flaschen m\u00fcssen vor Sonneneinstrahlung gesch\u00fctzt werden, ohne Schwingungen oder Vibrationen, in einer ganz oder teilweise horizontalen Position, mit dem Wein in Kontakt mit dem Korken, an einem k\u00fchlen Ort (zwischen 10 und 15\u00baC)<\/p>\n<p><strong>Allergene<\/strong><br \/>\nEnth\u00e4lt Sulfite<\/p>","protected":false},"excerpt":{"rendered":"<p>Dieser in franz\u00f6sischen Eichenf\u00e4ssern vergorene Wein passt hervorragend zu kr\u00e4ftigen K\u00e4sesorten, im Ofen gebratenem Fisch, Cataplana aus der Algarve oder asiatischen Gerichten.<\/p>\n<p>&nbsp;<\/p>","protected":false},"featured_media":11084,"comment_status":"closed","ping_status":"closed","template":"","meta":[],"product_brand":[],"product_cat":[85],"product_tag":[],"class_list":{"0":"post-8872","1":"product","2":"type-product","3":"status-publish","4":"has-post-thumbnail","6":"product_cat-white-wine","8":"first","9":"instock","10":"shipping-taxable","11":"purchasable","12":"product-type-simple"},"yoast_head":"<!-- This site is optimized with the Yoast SEO plugin v26.8 - https:\/\/yoast.com\/product\/yoast-seo-wordpress\/ -->\n<title>Chardonnay Reserva 2024 &#8212; Quinta dos Capinhas<\/title>\n<meta name=\"description\" content=\"Know all about the delicious Chardonnay Reserva 2024 wines by Quinta dos Capinhas, a beautiful vineyard in the Algarve region. Delivery in Portugal.\" \/>\n<meta name=\"robots\" content=\"index, follow, max-snippet:-1, max-image-preview:large, max-video-preview:-1\" \/>\n<link rel=\"canonical\" href=\"https:\/\/quintadoscapinhas.com\/de\/produkt\/chardonnay-reserva-2024\/\" \/>\n<meta property=\"og:locale\" content=\"de_DE\" \/>\n<meta property=\"og:type\" content=\"article\" \/>\n<meta property=\"og:title\" content=\"Chardonnay Reserva 2024 &#8212; Quinta dos Capinhas\" \/>\n<meta property=\"og:description\" content=\"Know all about the delicious Chardonnay Reserva 2024 wines by Quinta dos Capinhas, a beautiful vineyard in the Algarve region. Delivery in Portugal.\" \/>\n<meta property=\"og:url\" content=\"https:\/\/quintadoscapinhas.com\/de\/produkt\/chardonnay-reserva-2024\/\" \/>\n<meta property=\"og:site_name\" content=\"Quinta dos Capinhas\" \/>\n<meta property=\"article:modified_time\" content=\"2026-01-07T15:12:44+00:00\" \/>\n<meta property=\"og:image\" content=\"https:\/\/quintadoscapinhas.com\/wp-content\/uploads\/2024\/07\/Quinta-dos-Capinhas-Chardonnay-Reserva-2024-1.webp\" \/>\n\t<meta property=\"og:image:width\" content=\"1800\" \/>\n\t<meta property=\"og:image:height\" content=\"1800\" \/>\n\t<meta property=\"og:image:type\" content=\"image\/webp\" \/>\n<meta name=\"twitter:card\" content=\"summary_large_image\" \/>\n<script type=\"application\/ld+json\" class=\"yoast-schema-graph\">{\"@context\":\"https:\/\/schema.org\",\"@graph\":[{\"@type\":\"WebPage\",\"@id\":\"https:\/\/quintadoscapinhas.com\/product\/chardonnay-reserva-2024\/\",\"url\":\"https:\/\/quintadoscapinhas.com\/product\/chardonnay-reserva-2024\/\",\"name\":\"Chardonnay Reserva 2024 &#8212; Quinta dos Capinhas\",\"isPartOf\":{\"@id\":\"https:\/\/quintadoscapinhas.com\/#website\"},\"primaryImageOfPage\":{\"@id\":\"https:\/\/quintadoscapinhas.com\/product\/chardonnay-reserva-2024\/#primaryimage\"},\"image\":{\"@id\":\"https:\/\/quintadoscapinhas.com\/product\/chardonnay-reserva-2024\/#primaryimage\"},\"thumbnailUrl\":\"https:\/\/quintadoscapinhas.com\/wp-content\/uploads\/2024\/07\/Quinta-dos-Capinhas-Chardonnay-Reserva-2024-1.webp\",\"datePublished\":\"2024-07-10T17:53:48+00:00\",\"dateModified\":\"2026-01-07T15:12:44+00:00\",\"description\":\"Know all about the delicious Chardonnay Reserva 2024 wines by Quinta dos Capinhas, a beautiful vineyard in the Algarve region. Delivery in Portugal.\",\"breadcrumb\":{\"@id\":\"https:\/\/quintadoscapinhas.com\/product\/chardonnay-reserva-2024\/#breadcrumb\"},\"inLanguage\":\"de\",\"potentialAction\":[{\"@type\":\"ReadAction\",\"target\":[\"https:\/\/quintadoscapinhas.com\/product\/chardonnay-reserva-2024\/\"]}]},{\"@type\":\"ImageObject\",\"inLanguage\":\"de\",\"@id\":\"https:\/\/quintadoscapinhas.com\/product\/chardonnay-reserva-2024\/#primaryimage\",\"url\":\"https:\/\/quintadoscapinhas.com\/wp-content\/uploads\/2024\/07\/Quinta-dos-Capinhas-Chardonnay-Reserva-2024-1.webp\",\"contentUrl\":\"https:\/\/quintadoscapinhas.com\/wp-content\/uploads\/2024\/07\/Quinta-dos-Capinhas-Chardonnay-Reserva-2024-1.webp\",\"width\":1800,\"height\":1800},{\"@type\":\"BreadcrumbList\",\"@id\":\"https:\/\/quintadoscapinhas.com\/product\/chardonnay-reserva-2024\/#breadcrumb\",\"itemListElement\":[{\"@type\":\"ListItem\",\"position\":1,\"name\":\"Home\",\"item\":\"https:\/\/quintadoscapinhas.com\/\"},{\"@type\":\"ListItem\",\"position\":2,\"name\":\"Shop\",\"item\":\"https:\/\/quintadoscapinhas.com\/shop\/\"},{\"@type\":\"ListItem\",\"position\":3,\"name\":\"Chardonnay Reserva 2024\"}]},{\"@type\":\"WebSite\",\"@id\":\"https:\/\/quintadoscapinhas.com\/#website\",\"url\":\"https:\/\/quintadoscapinhas.com\/\",\"name\":\"Quinta dos Capinhas\",\"description\":\"Liderando a nova vaga de vinhos algarvios\",\"publisher\":{\"@id\":\"https:\/\/quintadoscapinhas.com\/#organization\"},\"alternateName\":\"Quinta dos Capinhas - Liderando a nova vaga de vinhos algarvios\",\"potentialAction\":[{\"@type\":\"SearchAction\",\"target\":{\"@type\":\"EntryPoint\",\"urlTemplate\":\"https:\/\/quintadoscapinhas.com\/?s={search_term_string}\"},\"query-input\":{\"@type\":\"PropertyValueSpecification\",\"valueRequired\":true,\"valueName\":\"search_term_string\"}}],\"inLanguage\":\"de\"},{\"@type\":\"Organization\",\"@id\":\"https:\/\/quintadoscapinhas.com\/#organization\",\"name\":\"Quinta dos Capinhas\",\"alternateName\":\"Quinta dos Capinhas\",\"url\":\"https:\/\/quintadoscapinhas.com\/\",\"logo\":{\"@type\":\"ImageObject\",\"inLanguage\":\"de\",\"@id\":\"https:\/\/quintadoscapinhas.com\/#\/schema\/logo\/image\/\",\"url\":\"https:\/\/quintadoscapinhas.com\/wp-content\/uploads\/2022\/05\/Logo-com-camaleao-fundo-transparente-1.png\",\"contentUrl\":\"https:\/\/quintadoscapinhas.com\/wp-content\/uploads\/2022\/05\/Logo-com-camaleao-fundo-transparente-1.png\",\"width\":3000,\"height\":1200,\"caption\":\"Quinta dos Capinhas\"},\"image\":{\"@id\":\"https:\/\/quintadoscapinhas.com\/#\/schema\/logo\/image\/\"}}]}<\/script>\n<!-- \/ Yoast SEO plugin. -->","yoast_head_json":{"title":"Chardonnay Reserva 2024 &#8212; Quinta dos Capinhas","description":"Know all about the delicious Chardonnay Reserva 2024 wines by Quinta dos Capinhas, a beautiful vineyard in the Algarve region. Delivery in Portugal.","robots":{"index":"index","follow":"follow","max-snippet":"max-snippet:-1","max-image-preview":"max-image-preview:large","max-video-preview":"max-video-preview:-1"},"canonical":"https:\/\/quintadoscapinhas.com\/de\/produkt\/chardonnay-reserva-2024\/","og_locale":"de_DE","og_type":"article","og_title":"Chardonnay Reserva 2024 &#8212; Quinta dos Capinhas","og_description":"Know all about the delicious Chardonnay Reserva 2024 wines by Quinta dos Capinhas, a beautiful vineyard in the Algarve region. Delivery in Portugal.","og_url":"https:\/\/quintadoscapinhas.com\/de\/produkt\/chardonnay-reserva-2024\/","og_site_name":"Quinta dos Capinhas","article_modified_time":"2026-01-07T15:12:44+00:00","og_image":[{"width":1800,"height":1800,"url":"https:\/\/quintadoscapinhas.com\/wp-content\/uploads\/2024\/07\/Quinta-dos-Capinhas-Chardonnay-Reserva-2024-1.webp","type":"image\/webp"}],"twitter_card":"summary_large_image","schema":{"@context":"https:\/\/schema.org","@graph":[{"@type":"WebPage","@id":"https:\/\/quintadoscapinhas.com\/product\/chardonnay-reserva-2024\/","url":"https:\/\/quintadoscapinhas.com\/product\/chardonnay-reserva-2024\/","name":"Chardonnay Reserva 2024 &#8212; Quinta dos Capinhas","isPartOf":{"@id":"https:\/\/quintadoscapinhas.com\/#website"},"primaryImageOfPage":{"@id":"https:\/\/quintadoscapinhas.com\/product\/chardonnay-reserva-2024\/#primaryimage"},"image":{"@id":"https:\/\/quintadoscapinhas.com\/product\/chardonnay-reserva-2024\/#primaryimage"},"thumbnailUrl":"https:\/\/quintadoscapinhas.com\/wp-content\/uploads\/2024\/07\/Quinta-dos-Capinhas-Chardonnay-Reserva-2024-1.webp","datePublished":"2024-07-10T17:53:48+00:00","dateModified":"2026-01-07T15:12:44+00:00","description":"Know all about the delicious Chardonnay Reserva 2024 wines by Quinta dos Capinhas, a beautiful vineyard in the Algarve region. Delivery in Portugal.","breadcrumb":{"@id":"https:\/\/quintadoscapinhas.com\/product\/chardonnay-reserva-2024\/#breadcrumb"},"inLanguage":"de","potentialAction":[{"@type":"ReadAction","target":["https:\/\/quintadoscapinhas.com\/product\/chardonnay-reserva-2024\/"]}]},{"@type":"ImageObject","inLanguage":"de","@id":"https:\/\/quintadoscapinhas.com\/product\/chardonnay-reserva-2024\/#primaryimage","url":"https:\/\/quintadoscapinhas.com\/wp-content\/uploads\/2024\/07\/Quinta-dos-Capinhas-Chardonnay-Reserva-2024-1.webp","contentUrl":"https:\/\/quintadoscapinhas.com\/wp-content\/uploads\/2024\/07\/Quinta-dos-Capinhas-Chardonnay-Reserva-2024-1.webp","width":1800,"height":1800},{"@type":"BreadcrumbList","@id":"https:\/\/quintadoscapinhas.com\/product\/chardonnay-reserva-2024\/#breadcrumb","itemListElement":[{"@type":"ListItem","position":1,"name":"Home","item":"https:\/\/quintadoscapinhas.com\/"},{"@type":"ListItem","position":2,"name":"Shop","item":"https:\/\/quintadoscapinhas.com\/shop\/"},{"@type":"ListItem","position":3,"name":"Chardonnay Reserva 2024"}]},{"@type":"WebSite","@id":"https:\/\/quintadoscapinhas.com\/#website","url":"https:\/\/quintadoscapinhas.com\/","name":"Quinta dos Capinhas","description":"Liderando a nova vaga de vinhos algarvios","publisher":{"@id":"https:\/\/quintadoscapinhas.com\/#organization"},"alternateName":"Quinta dos Capinhas - Liderando a nova vaga de vinhos algarvios","potentialAction":[{"@type":"SearchAction","target":{"@type":"EntryPoint","urlTemplate":"https:\/\/quintadoscapinhas.com\/?s={search_term_string}"},"query-input":{"@type":"PropertyValueSpecification","valueRequired":true,"valueName":"search_term_string"}}],"inLanguage":"de"},{"@type":"Organization","@id":"https:\/\/quintadoscapinhas.com\/#organization","name":"Quinta dos Capinhas","alternateName":"Quinta dos Capinhas","url":"https:\/\/quintadoscapinhas.com\/","logo":{"@type":"ImageObject","inLanguage":"de","@id":"https:\/\/quintadoscapinhas.com\/#\/schema\/logo\/image\/","url":"https:\/\/quintadoscapinhas.com\/wp-content\/uploads\/2022\/05\/Logo-com-camaleao-fundo-transparente-1.png","contentUrl":"https:\/\/quintadoscapinhas.com\/wp-content\/uploads\/2022\/05\/Logo-com-camaleao-fundo-transparente-1.png","width":3000,"height":1200,"caption":"Quinta dos Capinhas"},"image":{"@id":"https:\/\/quintadoscapinhas.com\/#\/schema\/logo\/image\/"}}]}},"_links":{"self":[{"href":"https:\/\/quintadoscapinhas.com\/de\/wp-json\/wp\/v2\/product\/8872","targetHints":{"allow":["GET"]}}],"collection":[{"href":"https:\/\/quintadoscapinhas.com\/de\/wp-json\/wp\/v2\/product"}],"about":[{"href":"https:\/\/quintadoscapinhas.com\/de\/wp-json\/wp\/v2\/types\/product"}],"replies":[{"embeddable":true,"href":"https:\/\/quintadoscapinhas.com\/de\/wp-json\/wp\/v2\/comments?post=8872"}],"wp:featuredmedia":[{"embeddable":true,"href":"https:\/\/quintadoscapinhas.com\/de\/wp-json\/wp\/v2\/media\/11084"}],"wp:attachment":[{"href":"https:\/\/quintadoscapinhas.com\/de\/wp-json\/wp\/v2\/media?parent=8872"}],"wp:term":[{"taxonomy":"product_brand","embeddable":true,"href":"https:\/\/quintadoscapinhas.com\/de\/wp-json\/wp\/v2\/product_brand?post=8872"},{"taxonomy":"product_cat","embeddable":true,"href":"https:\/\/quintadoscapinhas.com\/de\/wp-json\/wp\/v2\/product_cat?post=8872"},{"taxonomy":"product_tag","embeddable":true,"href":"https:\/\/quintadoscapinhas.com\/de\/wp-json\/wp\/v2\/product_tag?post=8872"}],"curies":[{"name":"wp","href":"https:\/\/api.w.org\/{rel}","templated":true}]}}