{"id":8882,"date":"2024-07-10T18:02:00","date_gmt":"2024-07-10T18:02:00","guid":{"rendered":"https:\/\/quintadoscapinhas.com\/?post_type=product&#038;p=8882"},"modified":"2025-01-18T12:18:27","modified_gmt":"2025-01-18T12:18:27","slug":"branco-2022","status":"publish","type":"product","link":"https:\/\/quintadoscapinhas.com\/de\/produkt\/branco-2022\/","title":{"rendered":"Branco 2022"},"content":{"rendered":"<p><strong>Terroir<\/strong><br \/>\nSandiger Lehm und Kalksteinb\u00f6den. Der Weinberg ist nach S\u00fcden ausgerichtet. Das Hotel liegt nur 2000 Meter vom Meer entfernt und mit starker Exposition gegen\u00fcber dem Nordwind von Monchique.<\/p>\n<p><strong>Weinlese<\/strong><br \/>\nHandlese und Nachtlese. Schonend nach dem Zerkleinern und Abbeeren. Statische Kaltentrappung f\u00fcr 48 Stunden. G\u00e4rung bei einer kontrollierten Temperatur von 13\u00baC f\u00fcr eine bessere Extraktion der Aromen f\u00fcr etwa 3 Wochen. Reifung f\u00fcr 12 Monate auf der Feinhefe. Abf\u00fcllung in Flaschen und weiterer Ausbau in der Flasche f\u00fcr 12 Monate.<\/p>\n<p><strong>Sch\u00e4len mit Lebensmitteln<br \/>\n<\/strong>Gegrillter Fisch, Meeresfr\u00fcchte, Salate, wei\u00dfes Fleisch, Sushi.<\/p>\n<p><strong>Konservierung<\/strong><br \/>\nDie Flaschen m\u00fcssen vor Sonneneinstrahlung gesch\u00fctzt werden, ohne Schwingungen oder Vibrationen, in einer ganz oder teilweise horizontalen Position, mit dem Wein in Kontakt mit dem Korken, an einem k\u00fchlen Ort (zwischen 10 und 15\u00baC)<\/p>\n<p><strong>Allergene<\/strong><br \/>\nEnth\u00e4lt Sulfite<\/p>","protected":false},"excerpt":{"rendered":"<p>Handlese und Nachtlese, mit sanfter Nachpressung und Abbeerung, perfekt zu gegrilltem Fisch, Meeresfr\u00fcchten, Salaten, wei\u00dfem Fleisch, Sushi.<\/p>\n<p>&nbsp;<\/p>","protected":false},"featured_media":10394,"comment_status":"closed","ping_status":"closed","template":"","meta":[],"product_brand":[],"product_cat":[85],"product_tag":[],"class_list":{"0":"post-8882","1":"product","2":"type-product","3":"status-publish","4":"has-post-thumbnail","6":"product_cat-white-wine","8":"first","9":"instock","10":"shipping-taxable","11":"purchasable","12":"product-type-simple"},"yoast_head":"<!-- This site is optimized with the Yoast SEO plugin v26.8 - https:\/\/yoast.com\/product\/yoast-seo-wordpress\/ -->\n<title>Branco 2022 &#8212; Quinta dos Capinhas<\/title>\n<meta name=\"description\" content=\"Know all about the delicious Branco 2022 wines by Quinta dos Capinhas, a beautiful vineyard in the Algarve region. Delivery in Portugal.\" \/>\n<meta name=\"robots\" content=\"index, follow, max-snippet:-1, max-image-preview:large, max-video-preview:-1\" \/>\n<link rel=\"canonical\" href=\"https:\/\/quintadoscapinhas.com\/de\/produkt\/branco-2022\/\" \/>\n<meta property=\"og:locale\" content=\"de_DE\" \/>\n<meta property=\"og:type\" content=\"article\" \/>\n<meta property=\"og:title\" content=\"Branco 2022 &#8212; Quinta dos Capinhas\" \/>\n<meta property=\"og:description\" content=\"Know all about the delicious Branco 2022 wines by Quinta dos Capinhas, a beautiful vineyard in the Algarve region. Delivery in Portugal.\" \/>\n<meta property=\"og:url\" content=\"https:\/\/quintadoscapinhas.com\/de\/produkt\/branco-2022\/\" \/>\n<meta property=\"og:site_name\" content=\"Quinta dos Capinhas\" \/>\n<meta property=\"article:modified_time\" content=\"2025-01-18T12:18:27+00:00\" \/>\n<meta property=\"og:image\" content=\"https:\/\/quintadoscapinhas.com\/wp-content\/uploads\/2024\/07\/7320c341-2220-4124-a493-c5720f78b980.png\" \/>\n\t<meta property=\"og:image:width\" content=\"1600\" \/>\n\t<meta property=\"og:image:height\" content=\"1600\" \/>\n\t<meta property=\"og:image:type\" content=\"image\/png\" \/>\n<meta name=\"twitter:card\" content=\"summary_large_image\" \/>\n<script type=\"application\/ld+json\" class=\"yoast-schema-graph\">{\"@context\":\"https:\/\/schema.org\",\"@graph\":[{\"@type\":\"WebPage\",\"@id\":\"https:\/\/quintadoscapinhas.com\/de\/produkt\/branco-2022\/\",\"url\":\"https:\/\/quintadoscapinhas.com\/de\/produkt\/branco-2022\/\",\"name\":\"Branco 2022 &#8212; Quinta dos Capinhas\",\"isPartOf\":{\"@id\":\"https:\/\/quintadoscapinhas.com\/#website\"},\"primaryImageOfPage\":{\"@id\":\"https:\/\/quintadoscapinhas.com\/de\/produkt\/branco-2022\/#primaryimage\"},\"image\":{\"@id\":\"https:\/\/quintadoscapinhas.com\/de\/produkt\/branco-2022\/#primaryimage\"},\"thumbnailUrl\":\"https:\/\/quintadoscapinhas.com\/wp-content\/uploads\/2024\/07\/7320c341-2220-4124-a493-c5720f78b980.png\",\"datePublished\":\"2024-07-10T18:02:00+00:00\",\"dateModified\":\"2025-01-18T12:18:27+00:00\",\"description\":\"Know all about the delicious Branco 2022 wines by Quinta dos Capinhas, a beautiful vineyard in the Algarve region. Delivery in Portugal.\",\"breadcrumb\":{\"@id\":\"https:\/\/quintadoscapinhas.com\/de\/produkt\/branco-2022\/#breadcrumb\"},\"inLanguage\":\"de\",\"potentialAction\":[{\"@type\":\"ReadAction\",\"target\":[\"https:\/\/quintadoscapinhas.com\/de\/produkt\/branco-2022\/\"]}]},{\"@type\":\"ImageObject\",\"inLanguage\":\"de\",\"@id\":\"https:\/\/quintadoscapinhas.com\/de\/produkt\/branco-2022\/#primaryimage\",\"url\":\"https:\/\/quintadoscapinhas.com\/wp-content\/uploads\/2024\/07\/7320c341-2220-4124-a493-c5720f78b980.png\",\"contentUrl\":\"https:\/\/quintadoscapinhas.com\/wp-content\/uploads\/2024\/07\/7320c341-2220-4124-a493-c5720f78b980.png\",\"width\":1600,\"height\":1600},{\"@type\":\"BreadcrumbList\",\"@id\":\"https:\/\/quintadoscapinhas.com\/de\/produkt\/branco-2022\/#breadcrumb\",\"itemListElement\":[{\"@type\":\"ListItem\",\"position\":1,\"name\":\"Home\",\"item\":\"https:\/\/quintadoscapinhas.com\/\"},{\"@type\":\"ListItem\",\"position\":2,\"name\":\"Shop\",\"item\":\"https:\/\/quintadoscapinhas.com\/shop\/\"},{\"@type\":\"ListItem\",\"position\":3,\"name\":\"Branco 2022\"}]},{\"@type\":\"WebSite\",\"@id\":\"https:\/\/quintadoscapinhas.com\/#website\",\"url\":\"https:\/\/quintadoscapinhas.com\/\",\"name\":\"Quinta dos Capinhas\",\"description\":\"Liderando a nova vaga de vinhos algarvios\",\"publisher\":{\"@id\":\"https:\/\/quintadoscapinhas.com\/#organization\"},\"alternateName\":\"Quinta dos Capinhas - Liderando a nova vaga de vinhos algarvios\",\"potentialAction\":[{\"@type\":\"SearchAction\",\"target\":{\"@type\":\"EntryPoint\",\"urlTemplate\":\"https:\/\/quintadoscapinhas.com\/?s={search_term_string}\"},\"query-input\":{\"@type\":\"PropertyValueSpecification\",\"valueRequired\":true,\"valueName\":\"search_term_string\"}}],\"inLanguage\":\"de\"},{\"@type\":\"Organization\",\"@id\":\"https:\/\/quintadoscapinhas.com\/#organization\",\"name\":\"Quinta dos Capinhas\",\"alternateName\":\"Quinta dos Capinhas\",\"url\":\"https:\/\/quintadoscapinhas.com\/\",\"logo\":{\"@type\":\"ImageObject\",\"inLanguage\":\"de\",\"@id\":\"https:\/\/quintadoscapinhas.com\/#\/schema\/logo\/image\/\",\"url\":\"https:\/\/quintadoscapinhas.com\/wp-content\/uploads\/2022\/05\/Logo-com-camaleao-fundo-transparente-1.png\",\"contentUrl\":\"https:\/\/quintadoscapinhas.com\/wp-content\/uploads\/2022\/05\/Logo-com-camaleao-fundo-transparente-1.png\",\"width\":3000,\"height\":1200,\"caption\":\"Quinta dos Capinhas\"},\"image\":{\"@id\":\"https:\/\/quintadoscapinhas.com\/#\/schema\/logo\/image\/\"}}]}<\/script>\n<!-- \/ Yoast SEO plugin. -->","yoast_head_json":{"title":"Branco 2022 &#8212; Quinta dos Capinhas","description":"Know all about the delicious Branco 2022 wines by Quinta dos Capinhas, a beautiful vineyard in the Algarve region. Delivery in Portugal.","robots":{"index":"index","follow":"follow","max-snippet":"max-snippet:-1","max-image-preview":"max-image-preview:large","max-video-preview":"max-video-preview:-1"},"canonical":"https:\/\/quintadoscapinhas.com\/de\/produkt\/branco-2022\/","og_locale":"de_DE","og_type":"article","og_title":"Branco 2022 &#8212; Quinta dos Capinhas","og_description":"Know all about the delicious Branco 2022 wines by Quinta dos Capinhas, a beautiful vineyard in the Algarve region. Delivery in Portugal.","og_url":"https:\/\/quintadoscapinhas.com\/de\/produkt\/branco-2022\/","og_site_name":"Quinta dos Capinhas","article_modified_time":"2025-01-18T12:18:27+00:00","og_image":[{"width":1600,"height":1600,"url":"https:\/\/quintadoscapinhas.com\/wp-content\/uploads\/2024\/07\/7320c341-2220-4124-a493-c5720f78b980.png","type":"image\/png"}],"twitter_card":"summary_large_image","schema":{"@context":"https:\/\/schema.org","@graph":[{"@type":"WebPage","@id":"https:\/\/quintadoscapinhas.com\/de\/produkt\/branco-2022\/","url":"https:\/\/quintadoscapinhas.com\/de\/produkt\/branco-2022\/","name":"Branco 2022 &#8212; Quinta dos Capinhas","isPartOf":{"@id":"https:\/\/quintadoscapinhas.com\/#website"},"primaryImageOfPage":{"@id":"https:\/\/quintadoscapinhas.com\/de\/produkt\/branco-2022\/#primaryimage"},"image":{"@id":"https:\/\/quintadoscapinhas.com\/de\/produkt\/branco-2022\/#primaryimage"},"thumbnailUrl":"https:\/\/quintadoscapinhas.com\/wp-content\/uploads\/2024\/07\/7320c341-2220-4124-a493-c5720f78b980.png","datePublished":"2024-07-10T18:02:00+00:00","dateModified":"2025-01-18T12:18:27+00:00","description":"Know all about the delicious Branco 2022 wines by Quinta dos Capinhas, a beautiful vineyard in the Algarve region. Delivery in Portugal.","breadcrumb":{"@id":"https:\/\/quintadoscapinhas.com\/de\/produkt\/branco-2022\/#breadcrumb"},"inLanguage":"de","potentialAction":[{"@type":"ReadAction","target":["https:\/\/quintadoscapinhas.com\/de\/produkt\/branco-2022\/"]}]},{"@type":"ImageObject","inLanguage":"de","@id":"https:\/\/quintadoscapinhas.com\/de\/produkt\/branco-2022\/#primaryimage","url":"https:\/\/quintadoscapinhas.com\/wp-content\/uploads\/2024\/07\/7320c341-2220-4124-a493-c5720f78b980.png","contentUrl":"https:\/\/quintadoscapinhas.com\/wp-content\/uploads\/2024\/07\/7320c341-2220-4124-a493-c5720f78b980.png","width":1600,"height":1600},{"@type":"BreadcrumbList","@id":"https:\/\/quintadoscapinhas.com\/de\/produkt\/branco-2022\/#breadcrumb","itemListElement":[{"@type":"ListItem","position":1,"name":"Home","item":"https:\/\/quintadoscapinhas.com\/"},{"@type":"ListItem","position":2,"name":"Shop","item":"https:\/\/quintadoscapinhas.com\/shop\/"},{"@type":"ListItem","position":3,"name":"Branco 2022"}]},{"@type":"WebSite","@id":"https:\/\/quintadoscapinhas.com\/#website","url":"https:\/\/quintadoscapinhas.com\/","name":"Quinta dos Capinhas","description":"Liderando a nova vaga de vinhos algarvios","publisher":{"@id":"https:\/\/quintadoscapinhas.com\/#organization"},"alternateName":"Quinta dos Capinhas - Liderando a nova vaga de vinhos algarvios","potentialAction":[{"@type":"SearchAction","target":{"@type":"EntryPoint","urlTemplate":"https:\/\/quintadoscapinhas.com\/?s={search_term_string}"},"query-input":{"@type":"PropertyValueSpecification","valueRequired":true,"valueName":"search_term_string"}}],"inLanguage":"de"},{"@type":"Organization","@id":"https:\/\/quintadoscapinhas.com\/#organization","name":"Quinta dos Capinhas","alternateName":"Quinta dos Capinhas","url":"https:\/\/quintadoscapinhas.com\/","logo":{"@type":"ImageObject","inLanguage":"de","@id":"https:\/\/quintadoscapinhas.com\/#\/schema\/logo\/image\/","url":"https:\/\/quintadoscapinhas.com\/wp-content\/uploads\/2022\/05\/Logo-com-camaleao-fundo-transparente-1.png","contentUrl":"https:\/\/quintadoscapinhas.com\/wp-content\/uploads\/2022\/05\/Logo-com-camaleao-fundo-transparente-1.png","width":3000,"height":1200,"caption":"Quinta dos Capinhas"},"image":{"@id":"https:\/\/quintadoscapinhas.com\/#\/schema\/logo\/image\/"}}]}},"_links":{"self":[{"href":"https:\/\/quintadoscapinhas.com\/de\/wp-json\/wp\/v2\/product\/8882","targetHints":{"allow":["GET"]}}],"collection":[{"href":"https:\/\/quintadoscapinhas.com\/de\/wp-json\/wp\/v2\/product"}],"about":[{"href":"https:\/\/quintadoscapinhas.com\/de\/wp-json\/wp\/v2\/types\/product"}],"replies":[{"embeddable":true,"href":"https:\/\/quintadoscapinhas.com\/de\/wp-json\/wp\/v2\/comments?post=8882"}],"wp:featuredmedia":[{"embeddable":true,"href":"https:\/\/quintadoscapinhas.com\/de\/wp-json\/wp\/v2\/media\/10394"}],"wp:attachment":[{"href":"https:\/\/quintadoscapinhas.com\/de\/wp-json\/wp\/v2\/media?parent=8882"}],"wp:term":[{"taxonomy":"product_brand","embeddable":true,"href":"https:\/\/quintadoscapinhas.com\/de\/wp-json\/wp\/v2\/product_brand?post=8882"},{"taxonomy":"product_cat","embeddable":true,"href":"https:\/\/quintadoscapinhas.com\/de\/wp-json\/wp\/v2\/product_cat?post=8882"},{"taxonomy":"product_tag","embeddable":true,"href":"https:\/\/quintadoscapinhas.com\/de\/wp-json\/wp\/v2\/product_tag?post=8882"}],"curies":[{"name":"wp","href":"https:\/\/api.w.org\/{rel}","templated":true}]}}