{"id":5356,"date":"2023-06-03T11:26:32","date_gmt":"2023-06-03T11:26:32","guid":{"rendered":"https:\/\/quintadoscapinhas.com\/?page_id=5356"},"modified":"2024-09-16T09:57:27","modified_gmt":"2024-09-16T09:57:27","slug":"in-the-press","status":"publish","type":"page","link":"https:\/\/quintadoscapinhas.com\/fr\/about\/in-the-press\/","title":{"rendered":"Dans la presse"},"content":{"rendered":"<div data-elementor-type=\"wp-page\" data-elementor-id=\"5356\" class=\"elementor elementor-5356\" data-elementor-post-type=\"page\">\n\t\t\t\t\t\t<section class=\"elementor-section elementor-top-section elementor-element elementor-element-5a073f7 elementor-section-height-min-height elementor-section-content-middle elementor-section-boxed elementor-section-height-default elementor-section-items-middle\" data-id=\"5a073f7\" data-element_type=\"section\" data-settings=\"{&quot;background_background&quot;:&quot;classic&quot;}\">\n\t\t\t\t\t\t\t<div class=\"elementor-background-overlay\"><\/div>\n\t\t\t\t\t\t\t<div class=\"elementor-container elementor-column-gap-default\">\n\t\t\t\t\t<div class=\"elementor-column elementor-col-100 elementor-top-column elementor-element elementor-element-142532e\" data-id=\"142532e\" data-element_type=\"column\">\n\t\t\t<div class=\"elementor-widget-wrap elementor-element-populated\">\n\t\t\t\t\t\t<div class=\"elementor-element elementor-element-2ad206c elementor-widget elementor-widget-heading\" data-id=\"2ad206c\" data-element_type=\"widget\" data-widget_type=\"heading.default\">\n\t\t\t\t<div class=\"elementor-widget-container\">\n\t\t\t\t\t<h1 class=\"elementor-heading-title elementor-size-default\">Dans la presse<\/h1>\t\t\t\t<\/div>\n\t\t\t\t<\/div>\n\t\t\t\t\t<\/div>\n\t\t<\/div>\n\t\t\t\t\t<\/div>\n\t\t<\/section>\n\t\t\t\t<section class=\"elementor-section elementor-top-section elementor-element elementor-element-a7bc67c elementor-section-boxed elementor-section-height-default elementor-section-height-default\" data-id=\"a7bc67c\" data-element_type=\"section\">\n\t\t\t\t\t\t<div class=\"elementor-container elementor-column-gap-default\">\n\t\t\t\t\t<div class=\"elementor-column elementor-col-100 elementor-top-column elementor-element elementor-element-66f9cf9\" data-id=\"66f9cf9\" data-element_type=\"column\">\n\t\t\t<div class=\"elementor-widget-wrap elementor-element-populated\">\n\t\t\t\t\t\t<div class=\"elementor-element elementor-element-b80b3cf elementor-widget elementor-widget-spacer\" data-id=\"b80b3cf\" data-element_type=\"widget\" data-widget_type=\"spacer.default\">\n\t\t\t\t<div class=\"elementor-widget-container\">\n\t\t\t\t\t\t\t<div class=\"elementor-spacer\">\n\t\t\t<div class=\"elementor-spacer-inner\"><\/div>\n\t\t<\/div>\n\t\t\t\t\t\t<\/div>\n\t\t\t\t<\/div>\n\t\t\t\t<div class=\"elementor-element elementor-element-cc8bb82 elementor-widget elementor-widget-heading\" data-id=\"cc8bb82\" data-element_type=\"widget\" data-widget_type=\"heading.default\">\n\t\t\t\t<div class=\"elementor-widget-container\">\n\t\t\t\t\t<h2 class=\"elementor-heading-title elementor-size-default\"><a href=\"https:\/\/entdecken-sie-algarve.com\/wein\/quinta-dos-capinhas\" target=\"_blank\">Entre amis : Exp\u00e9riences dans le vignoble<\/a><\/h2>\t\t\t\t<\/div>\n\t\t\t\t<\/div>\n\t\t\t\t<div class=\"elementor-element elementor-element-074a30e elementor-widget elementor-widget-text-editor\" data-id=\"074a30e\" data-element_type=\"widget\" data-widget_type=\"text-editor.default\">\n\t\t\t\t<div class=\"elementor-widget-container\">\n\t\t\t\t\t\t\t\t\t<p>D\u00e9couvrez l'Algarve, juin 2023<\/p>\t\t\t\t\t\t\t\t<\/div>\n\t\t\t\t<\/div>\n\t\t\t\t<div class=\"elementor-element elementor-element-325789f elementor-widget elementor-widget-heading\" data-id=\"325789f\" data-element_type=\"widget\" data-widget_type=\"heading.default\">\n\t\t\t\t<div class=\"elementor-widget-container\">\n\t\t\t\t\t<h2 class=\"elementor-heading-title elementor-size-default\"><a href=\"https:\/\/sicnoticias.pt\/meteorologia\/2023-05-04-Seca-no-sul-do-pais-agricultores-pedem-declaracao-do-estado-de-calamidade-2221cc54\" target=\"_blank\">Les producteurs de l'Algarve adoptent des solutions alternatives en p\u00e9riode de s\u00e9cheresse<\/a><\/h2>\t\t\t\t<\/div>\n\t\t\t\t<\/div>\n\t\t\t\t<div class=\"elementor-element elementor-element-f71a5d8 elementor-widget elementor-widget-text-editor\" data-id=\"f71a5d8\" data-element_type=\"widget\" data-widget_type=\"text-editor.default\">\n\t\t\t\t<div class=\"elementor-widget-container\">\n\t\t\t\t\t\t\t\t\t<p>SIC Not\u00edcias, mai 2023<\/p>\t\t\t\t\t\t\t\t<\/div>\n\t\t\t\t<\/div>\n\t\t\t\t<div class=\"elementor-element elementor-element-ffa9604 elementor-widget elementor-widget-heading\" data-id=\"ffa9604\" data-element_type=\"widget\" data-widget_type=\"heading.default\">\n\t\t\t\t<div class=\"elementor-widget-container\">\n\t\t\t\t\t<h2 class=\"elementor-heading-title elementor-size-default\"><a href=\"https:\/\/www.theportugalnews.com\/news\/2023-05-03\/chamine-film-weekend-ii\/77243\" target=\"_blank\">Week-end cin\u00e9matographique Chamin\u00e9 II<\/a><\/h2>\t\t\t\t<\/div>\n\t\t\t\t<\/div>\n\t\t\t\t<div class=\"elementor-element elementor-element-50e1061 elementor-widget elementor-widget-text-editor\" data-id=\"50e1061\" data-element_type=\"widget\" data-widget_type=\"text-editor.default\">\n\t\t\t\t<div class=\"elementor-widget-container\">\n\t\t\t\t\t\t\t\t\t<p>The Portugal News, mai 2023<\/p>\t\t\t\t\t\t\t\t<\/div>\n\t\t\t\t<\/div>\n\t\t\t\t<div class=\"elementor-element elementor-element-8d065c9 elementor-widget elementor-widget-heading\" data-id=\"8d065c9\" data-element_type=\"widget\" data-widget_type=\"heading.default\">\n\t\t\t\t<div class=\"elementor-widget-container\">\n\t\t\t\t\t<h2 class=\"elementor-heading-title elementor-size-default\"><a href=\"https:\/\/www.youtube.com\/watch?v=dzKA1dhyu2I\" target=\"_blank\">Le meilleur de Lagoa : Gaiola on the Road Episode 1<\/a><\/h2>\t\t\t\t<\/div>\n\t\t\t\t<\/div>\n\t\t\t\t<div class=\"elementor-element elementor-element-a02f6db elementor-widget elementor-widget-text-editor\" data-id=\"a02f6db\" data-element_type=\"widget\" data-widget_type=\"text-editor.default\">\n\t\t\t\t<div class=\"elementor-widget-container\">\n\t\t\t\t\t\t\t\t\t<p>Meia Gaiola, avril 2023<\/p>\t\t\t\t\t\t\t\t<\/div>\n\t\t\t\t<\/div>\n\t\t\t\t<div class=\"elementor-element elementor-element-53d504e elementor-widget elementor-widget-heading\" data-id=\"53d504e\" data-element_type=\"widget\" data-widget_type=\"heading.default\">\n\t\t\t\t<div class=\"elementor-widget-container\">\n\t\t\t\t\t<h2 class=\"elementor-heading-title elementor-size-default\"><a href=\"https:\/\/www.youtube.com\/watch?v=Oz38EF7FKJk\" target=\"_blank\">Quelle est la qualit\u00e9 de l'eau de votre forage ?<\/a><\/h2>\t\t\t\t<\/div>\n\t\t\t\t<\/div>\n\t\t\t\t<div class=\"elementor-element elementor-element-cdb7856 elementor-widget elementor-widget-text-editor\" data-id=\"cdb7856\" data-element_type=\"widget\" data-widget_type=\"text-editor.default\">\n\t\t\t\t<div class=\"elementor-widget-container\">\n\t\t\t\t\t\t\t\t\t<p>Rui Faria Consultancy, janvier 2023<\/p>\t\t\t\t\t\t\t\t<\/div>\n\t\t\t\t<\/div>\n\t\t\t\t<div class=\"elementor-element elementor-element-d770ec9 elementor-widget elementor-widget-heading\" data-id=\"d770ec9\" data-element_type=\"widget\" data-widget_type=\"heading.default\">\n\t\t\t\t<div class=\"elementor-widget-container\">\n\t\t\t\t\t<h2 class=\"elementor-heading-title elementor-size-default\"><a href=\"https:\/\/www.essential-algarve.com\/wine\/all-wine\/lagoa-wine-experiences-2022\/\" target=\"_blank\">La premi\u00e8re session de Lagoa Wine Experiences a lieu ce week-end<\/a><\/h2>\t\t\t\t<\/div>\n\t\t\t\t<\/div>\n\t\t\t\t<div class=\"elementor-element elementor-element-bc7fbd4 elementor-widget elementor-widget-text-editor\" data-id=\"bc7fbd4\" data-element_type=\"widget\" data-widget_type=\"text-editor.default\">\n\t\t\t\t<div class=\"elementor-widget-container\">\n\t\t\t\t\t\t\t\t\t<p>L'essentiel de l'Algarve, mai 2022<\/p>\t\t\t\t\t\t\t\t<\/div>\n\t\t\t\t<\/div>\n\t\t\t\t<div class=\"elementor-element elementor-element-802635d elementor-widget elementor-widget-heading\" data-id=\"802635d\" data-element_type=\"widget\" data-widget_type=\"heading.default\">\n\t\t\t\t<div class=\"elementor-widget-container\">\n\t\t\t\t\t<h2 class=\"elementor-heading-title elementor-size-default\"><a href=\"https:\/\/www.portugalresident.com\/love-in-a-bottle\/\" target=\"_blank\">L'amour en bouteille<\/a><\/h2>\t\t\t\t<\/div>\n\t\t\t\t<\/div>\n\t\t\t\t<div class=\"elementor-element elementor-element-f15f7d9 elementor-widget elementor-widget-text-editor\" data-id=\"f15f7d9\" data-element_type=\"widget\" data-widget_type=\"text-editor.default\">\n\t\t\t\t<div class=\"elementor-widget-container\">\n\t\t\t\t\t\t\t\t\t<p>R\u00e9sident portugais, janvier 2021<\/p>\t\t\t\t\t\t\t\t<\/div>\n\t\t\t\t<\/div>\n\t\t\t\t<div class=\"elementor-element elementor-element-0ebb16f elementor-widget elementor-widget-heading\" data-id=\"0ebb16f\" data-element_type=\"widget\" data-widget_type=\"heading.default\">\n\t\t\t\t<div class=\"elementor-widget-container\">\n\t\t\t\t\t<h2 class=\"elementor-heading-title elementor-size-default\"><a href=\"https:\/\/algarveinformativo.blogspot.com\/2019\/11\/novos-vinhos-encerram-primeira-edicao.html\" target=\"_blank\">De nouveaux vins cl\u00f4turent la premi\u00e8re \u00e9dition du salon du vin de Lagoa<\/a><\/h2>\t\t\t\t<\/div>\n\t\t\t\t<\/div>\n\t\t\t\t<div class=\"elementor-element elementor-element-c0d41e7 elementor-widget elementor-widget-text-editor\" data-id=\"c0d41e7\" data-element_type=\"widget\" data-widget_type=\"text-editor.default\">\n\t\t\t\t<div class=\"elementor-widget-container\">\n\t\t\t\t\t\t\t\t\t<p>Algarve Informativo, novembre 2019<\/p>\t\t\t\t\t\t\t\t<\/div>\n\t\t\t\t<\/div>\n\t\t\t\t\t<\/div>\n\t\t<\/div>\n\t\t\t\t\t<\/div>\n\t\t<\/section>\n\t\t\t\t<section class=\"elementor-section elementor-top-section elementor-element elementor-element-f845d51 elementor-section-boxed elementor-section-height-default elementor-section-height-default\" data-id=\"f845d51\" data-element_type=\"section\">\n\t\t\t\t\t\t<div class=\"elementor-container elementor-column-gap-default\">\n\t\t\t\t\t<div class=\"elementor-column elementor-col-100 elementor-top-column elementor-element elementor-element-2ecc9a0\" data-id=\"2ecc9a0\" data-element_type=\"column\">\n\t\t\t<div class=\"elementor-widget-wrap elementor-element-populated\">\n\t\t\t\t\t\t<div class=\"elementor-element elementor-element-142ae1d elementor-widget elementor-widget-spacer\" data-id=\"142ae1d\" data-element_type=\"widget\" data-widget_type=\"spacer.default\">\n\t\t\t\t<div class=\"elementor-widget-container\">\n\t\t\t\t\t\t\t<div class=\"elementor-spacer\">\n\t\t\t<div class=\"elementor-spacer-inner\"><\/div>\n\t\t<\/div>\n\t\t\t\t\t\t<\/div>\n\t\t\t\t<\/div>\n\t\t\t\t\t<\/div>\n\t\t<\/div>\n\t\t\t\t\t<\/div>\n\t\t<\/section>\n\t\t\t\t<section class=\"elementor-section elementor-top-section elementor-element elementor-element-6875429 elementor-section-boxed elementor-section-height-default elementor-section-height-default\" data-id=\"6875429\" data-element_type=\"section\" data-settings=\"{&quot;background_background&quot;:&quot;classic&quot;}\">\n\t\t\t\t\t\t<div class=\"elementor-container elementor-column-gap-default\">\n\t\t\t\t\t<div class=\"elementor-column elementor-col-100 elementor-top-column elementor-element elementor-element-1030be0\" data-id=\"1030be0\" data-element_type=\"column\">\n\t\t\t<div class=\"elementor-widget-wrap elementor-element-populated\">\n\t\t\t\t\t\t<div class=\"elementor-element elementor-element-5c2c944 elementor-cta--layout-image-above elementor-cta--valign-top elementor-cta--skin-classic elementor-animated-content elementor-widget elementor-widget-call-to-action\" data-id=\"5c2c944\" data-element_type=\"widget\" data-widget_type=\"call-to-action.default\">\n\t\t\t\t<div class=\"elementor-widget-container\">\n\t\t\t\t\t\t\t<div class=\"elementor-cta\">\n\t\t\t\t\t<div class=\"elementor-cta__bg-wrapper\">\n\t\t\t\t<div class=\"elementor-cta__bg elementor-bg\" style=\"background-image: url(https:\/\/quintadoscapinhas.com\/wp-content\/uploads\/2023\/04\/Get-married-in-a-vineyard-in-Portugal-2-1024x683.jpg);\" role=\"img\" aria-label=\"Se marier dans un vignoble au Portugal\"><\/div>\n\t\t\t\t<div class=\"elementor-cta__bg-overlay\"><\/div>\n\t\t\t<\/div>\n\t\t\t\t\t\t\t<div class=\"elementor-cta__content\">\n\t\t\t\t\n\t\t\t\t\t\t\t\t\t<h2 class=\"elementor-cta__title elementor-cta__content-item elementor-content-item\">\n\t\t\t\t\t\tCouvrir notre voyage\t\t\t\t\t<\/h2>\n\t\t\t\t\n\t\t\t\t\t\t\t\t\t<div class=\"elementor-cta__description elementor-cta__content-item elementor-content-item\">\n\t\t\t\t\t\tContactez notre \u00e9quipe Media &amp; Branding pour organiser des interviews et des reportages.\t\t\t\t\t<\/div>\n\t\t\t\t\n\t\t\t\t\t\t\t\t\t<div class=\"elementor-cta__button-wrapper elementor-cta__content-item elementor-content-item\">\n\t\t\t\t\t<a class=\"elementor-cta__button elementor-button elementor-size-xs\" href=\"mailto:info@quintadoscapinhas.com\">\n\t\t\t\t\t\tDiscutons-en\t\t\t\t\t<\/a>\n\t\t\t\t\t<\/div>\n\t\t\t\t\t\t\t<\/div>\n\t\t\t\t\t\t<\/div>\n\t\t\t\t\t\t<\/div>\n\t\t\t\t<\/div>\n\t\t\t\t\t<\/div>\n\t\t<\/div>\n\t\t\t\t\t<\/div>\n\t\t<\/section>\n\t\t\t\t<\/div>","protected":false},"excerpt":{"rendered":"<p>Dans la presse Entre amis : Exp\u00e9riences dans le vignoble Entdecken Sie Algarve, juin 2023 Les producteurs de l'Algarve adoptent des solutions alternatives au milieu de la s\u00e9cheresse SIC Not\u00edcias, mai 2023 Chamin\u00e9 Film Weekend II The Portugal News, mai 2023 Best of Lagoa : Gaiola on the Road Episode 1 Meia Gaiola, avril 2023 Quelle est la qualit\u00e9 de votre forage [...]<\/p>","protected":false},"author":1,"featured_media":0,"parent":128,"menu_order":0,"comment_status":"closed","ping_status":"closed","template":"elementor_header_footer","meta":{"footnotes":""},"class_list":["post-5356","page","type-page","status-publish","hentry"],"yoast_head":"<!-- This site is optimized with the Yoast SEO plugin v26.8 - https:\/\/yoast.com\/product\/yoast-seo-wordpress\/ -->\n<title>In The Press &#8212; Quinta dos Capinhas<\/title>\n<meta name=\"robots\" content=\"index, follow, max-snippet:-1, max-image-preview:large, max-video-preview:-1\" \/>\n<link rel=\"canonical\" href=\"https:\/\/quintadoscapinhas.com\/fr\/about\/in-the-press\/\" \/>\n<meta property=\"og:locale\" content=\"fr_FR\" \/>\n<meta property=\"og:type\" content=\"article\" \/>\n<meta property=\"og:title\" content=\"In The Press &#8212; Quinta dos Capinhas\" \/>\n<meta property=\"og:url\" content=\"https:\/\/quintadoscapinhas.com\/fr\/about\/in-the-press\/\" \/>\n<meta property=\"og:site_name\" content=\"Quinta dos Capinhas\" \/>\n<meta property=\"article:modified_time\" content=\"2024-09-16T09:57:27+00:00\" \/>\n<meta property=\"og:image\" content=\"https:\/\/quintadoscapinhas.com\/wp-content\/uploads\/2022\/05\/Logo-com-camaleao-fundo-transparente-1.png\" \/>\n\t<meta property=\"og:image:width\" content=\"3000\" \/>\n\t<meta property=\"og:image:height\" content=\"1200\" \/>\n\t<meta property=\"og:image:type\" content=\"image\/png\" \/>\n<meta name=\"twitter:card\" content=\"summary_large_image\" \/>\n<script type=\"application\/ld+json\" class=\"yoast-schema-graph\">{\"@context\":\"https:\/\/schema.org\",\"@graph\":[{\"@type\":\"WebPage\",\"@id\":\"https:\/\/quintadoscapinhas.com\/about\/in-the-press\/\",\"url\":\"https:\/\/quintadoscapinhas.com\/about\/in-the-press\/\",\"name\":\"In The Press &#8212; Quinta dos Capinhas\",\"isPartOf\":{\"@id\":\"https:\/\/quintadoscapinhas.com\/#website\"},\"datePublished\":\"2023-06-03T11:26:32+00:00\",\"dateModified\":\"2024-09-16T09:57:27+00:00\",\"breadcrumb\":{\"@id\":\"https:\/\/quintadoscapinhas.com\/about\/in-the-press\/#breadcrumb\"},\"inLanguage\":\"fr-FR\",\"potentialAction\":[{\"@type\":\"ReadAction\",\"target\":[\"https:\/\/quintadoscapinhas.com\/about\/in-the-press\/\"]}]},{\"@type\":\"BreadcrumbList\",\"@id\":\"https:\/\/quintadoscapinhas.com\/about\/in-the-press\/#breadcrumb\",\"itemListElement\":[{\"@type\":\"ListItem\",\"position\":1,\"name\":\"Home\",\"item\":\"https:\/\/quintadoscapinhas.com\/\"},{\"@type\":\"ListItem\",\"position\":2,\"name\":\"About Us\",\"item\":\"https:\/\/quintadoscapinhas.com\/about\/\"},{\"@type\":\"ListItem\",\"position\":3,\"name\":\"In The Press\"}]},{\"@type\":\"WebSite\",\"@id\":\"https:\/\/quintadoscapinhas.com\/#website\",\"url\":\"https:\/\/quintadoscapinhas.com\/\",\"name\":\"Quinta dos Capinhas\",\"description\":\"Liderando a nova vaga de vinhos algarvios\",\"publisher\":{\"@id\":\"https:\/\/quintadoscapinhas.com\/#organization\"},\"alternateName\":\"Quinta dos Capinhas - Liderando a nova vaga de vinhos algarvios\",\"potentialAction\":[{\"@type\":\"SearchAction\",\"target\":{\"@type\":\"EntryPoint\",\"urlTemplate\":\"https:\/\/quintadoscapinhas.com\/?s={search_term_string}\"},\"query-input\":{\"@type\":\"PropertyValueSpecification\",\"valueRequired\":true,\"valueName\":\"search_term_string\"}}],\"inLanguage\":\"fr-FR\"},{\"@type\":\"Organization\",\"@id\":\"https:\/\/quintadoscapinhas.com\/#organization\",\"name\":\"Quinta dos Capinhas\",\"alternateName\":\"Quinta dos Capinhas\",\"url\":\"https:\/\/quintadoscapinhas.com\/\",\"logo\":{\"@type\":\"ImageObject\",\"inLanguage\":\"fr-FR\",\"@id\":\"https:\/\/quintadoscapinhas.com\/#\/schema\/logo\/image\/\",\"url\":\"https:\/\/quintadoscapinhas.com\/wp-content\/uploads\/2022\/05\/Logo-com-camaleao-fundo-transparente-1.png\",\"contentUrl\":\"https:\/\/quintadoscapinhas.com\/wp-content\/uploads\/2022\/05\/Logo-com-camaleao-fundo-transparente-1.png\",\"width\":3000,\"height\":1200,\"caption\":\"Quinta dos Capinhas\"},\"image\":{\"@id\":\"https:\/\/quintadoscapinhas.com\/#\/schema\/logo\/image\/\"}}]}<\/script>\n<!-- \/ Yoast SEO plugin. -->","yoast_head_json":{"title":"Dans la presse - Quinta dos Capinhas","robots":{"index":"index","follow":"follow","max-snippet":"max-snippet:-1","max-image-preview":"max-image-preview:large","max-video-preview":"max-video-preview:-1"},"canonical":"https:\/\/quintadoscapinhas.com\/fr\/about\/in-the-press\/","og_locale":"fr_FR","og_type":"article","og_title":"In The Press &#8212; Quinta dos Capinhas","og_url":"https:\/\/quintadoscapinhas.com\/fr\/about\/in-the-press\/","og_site_name":"Quinta dos Capinhas","article_modified_time":"2024-09-16T09:57:27+00:00","og_image":[{"width":3000,"height":1200,"url":"https:\/\/quintadoscapinhas.com\/wp-content\/uploads\/2022\/05\/Logo-com-camaleao-fundo-transparente-1.png","type":"image\/png"}],"twitter_card":"summary_large_image","schema":{"@context":"https:\/\/schema.org","@graph":[{"@type":"WebPage","@id":"https:\/\/quintadoscapinhas.com\/about\/in-the-press\/","url":"https:\/\/quintadoscapinhas.com\/about\/in-the-press\/","name":"Dans la presse - Quinta dos Capinhas","isPartOf":{"@id":"https:\/\/quintadoscapinhas.com\/#website"},"datePublished":"2023-06-03T11:26:32+00:00","dateModified":"2024-09-16T09:57:27+00:00","breadcrumb":{"@id":"https:\/\/quintadoscapinhas.com\/about\/in-the-press\/#breadcrumb"},"inLanguage":"fr-FR","potentialAction":[{"@type":"ReadAction","target":["https:\/\/quintadoscapinhas.com\/about\/in-the-press\/"]}]},{"@type":"BreadcrumbList","@id":"https:\/\/quintadoscapinhas.com\/about\/in-the-press\/#breadcrumb","itemListElement":[{"@type":"ListItem","position":1,"name":"Home","item":"https:\/\/quintadoscapinhas.com\/"},{"@type":"ListItem","position":2,"name":"About Us","item":"https:\/\/quintadoscapinhas.com\/about\/"},{"@type":"ListItem","position":3,"name":"In The Press"}]},{"@type":"WebSite","@id":"https:\/\/quintadoscapinhas.com\/#website","url":"https:\/\/quintadoscapinhas.com\/","name":"Quinta dos Capinhas","description":"Liderando a nova vaga de vinhos algarvios","publisher":{"@id":"https:\/\/quintadoscapinhas.com\/#organization"},"alternateName":"Quinta dos Capinhas - Liderando a nova vaga de vinhos algarvios","potentialAction":[{"@type":"SearchAction","target":{"@type":"EntryPoint","urlTemplate":"https:\/\/quintadoscapinhas.com\/?s={search_term_string}"},"query-input":{"@type":"PropertyValueSpecification","valueRequired":true,"valueName":"search_term_string"}}],"inLanguage":"fr-FR"},{"@type":"Organization","@id":"https:\/\/quintadoscapinhas.com\/#organization","name":"Quinta dos Capinhas","alternateName":"Quinta dos Capinhas","url":"https:\/\/quintadoscapinhas.com\/","logo":{"@type":"ImageObject","inLanguage":"fr-FR","@id":"https:\/\/quintadoscapinhas.com\/#\/schema\/logo\/image\/","url":"https:\/\/quintadoscapinhas.com\/wp-content\/uploads\/2022\/05\/Logo-com-camaleao-fundo-transparente-1.png","contentUrl":"https:\/\/quintadoscapinhas.com\/wp-content\/uploads\/2022\/05\/Logo-com-camaleao-fundo-transparente-1.png","width":3000,"height":1200,"caption":"Quinta dos Capinhas"},"image":{"@id":"https:\/\/quintadoscapinhas.com\/#\/schema\/logo\/image\/"}}]}},"_links":{"self":[{"href":"https:\/\/quintadoscapinhas.com\/fr\/wp-json\/wp\/v2\/pages\/5356","targetHints":{"allow":["GET"]}}],"collection":[{"href":"https:\/\/quintadoscapinhas.com\/fr\/wp-json\/wp\/v2\/pages"}],"about":[{"href":"https:\/\/quintadoscapinhas.com\/fr\/wp-json\/wp\/v2\/types\/page"}],"author":[{"embeddable":true,"href":"https:\/\/quintadoscapinhas.com\/fr\/wp-json\/wp\/v2\/users\/1"}],"replies":[{"embeddable":true,"href":"https:\/\/quintadoscapinhas.com\/fr\/wp-json\/wp\/v2\/comments?post=5356"}],"version-history":[{"count":0,"href":"https:\/\/quintadoscapinhas.com\/fr\/wp-json\/wp\/v2\/pages\/5356\/revisions"}],"up":[{"embeddable":true,"href":"https:\/\/quintadoscapinhas.com\/fr\/wp-json\/wp\/v2\/pages\/128"}],"wp:attachment":[{"href":"https:\/\/quintadoscapinhas.com\/fr\/wp-json\/wp\/v2\/media?parent=5356"}],"curies":[{"name":"wp","href":"https:\/\/api.w.org\/{rel}","templated":true}]}}