{"id":11085,"date":"2026-01-07T15:18:13","date_gmt":"2026-01-07T15:18:13","guid":{"rendered":"https:\/\/quintadoscapinhas.com\/?post_type=product&#038;p=11085"},"modified":"2026-01-07T15:20:55","modified_gmt":"2026-01-07T15:20:55","slug":"alicante-bouschet-2024","status":"publish","type":"product","link":"https:\/\/quintadoscapinhas.com\/fr\/produit\/alicante-bouschet-2024\/","title":{"rendered":"Alicante Bouschet 2024"},"content":{"rendered":"<p><strong>Alcool<\/strong><br \/>\n15%<\/p>\n<p><strong>Mode de consommation<\/strong><br \/>\nIl doit \u00eatre consomm\u00e9 \u00e0 une temp\u00e9rature comprise entre 16 et 18 \u00b0C - d'ici \u00e0 2030.<\/p>\n<p><strong>Accorder avec la nourriture<\/strong><br \/>\nCuisine portugaise traditionnelle (rago\u00fbts, cabidela, pot-au-feu) et charcuterie<\/p>\n<p><strong>Vintage<\/strong><br \/>\nManuel et nocturne, afin de pr\u00e9server toute la qualit\u00e9 des raisins rigoureusement s\u00e9lectionn\u00e9s dans notre vignoble de Quinta dos Capinhas.<\/p>\n<p><strong>Conservation<\/strong><br \/>\nLes bouteilles doivent \u00eatre prot\u00e9g\u00e9es de la lumi\u00e8re du soleil, sans oscillations ni vibrations, en position totalement ou partiellement horizontale, avec le vin en contact avec le bouchon, dans un endroit frais (entre 10 et 15\u00baC).<\/p>\n<p><strong>Allerg\u00e8nes<\/strong><br \/>\nContient des sulfites<\/p>","protected":false},"excerpt":{"rendered":"<p>Fruits noirs avec des notes de cacao, de tabac et de fum\u00e9e. Cors\u00e9, avec des tanins m\u00fbrs et une longue finale.<\/p>","protected":false},"featured_media":11086,"comment_status":"closed","ping_status":"closed","template":"","meta":[],"product_brand":[],"product_cat":[67],"product_tag":[],"class_list":{"0":"post-11085","1":"product","2":"type-product","3":"status-publish","4":"has-post-thumbnail","6":"product_cat-red-wine","8":"first","9":"instock","10":"shipping-taxable","11":"purchasable","12":"product-type-simple"},"yoast_head":"<!-- This site is optimized with the Yoast SEO plugin v26.8 - https:\/\/yoast.com\/product\/yoast-seo-wordpress\/ -->\n<title>Alicante Bouschet 2024 &#8212; Quinta dos Capinhas<\/title>\n<meta name=\"description\" content=\"Know all about the delicious Alicante Bouschet 2024 wines by Quinta dos Capinhas, a beautiful vineyard in the Algarve region. Delivery in Portugal.\" \/>\n<meta name=\"robots\" content=\"index, follow, max-snippet:-1, max-image-preview:large, max-video-preview:-1\" \/>\n<link rel=\"canonical\" href=\"https:\/\/quintadoscapinhas.com\/fr\/produit\/alicante-bouschet-2024\/\" \/>\n<meta property=\"og:locale\" content=\"fr_FR\" \/>\n<meta property=\"og:type\" content=\"article\" \/>\n<meta property=\"og:title\" content=\"Alicante Bouschet 2024 &#8212; Quinta dos Capinhas\" \/>\n<meta property=\"og:description\" content=\"Know all about the delicious Alicante Bouschet 2024 wines by Quinta dos Capinhas, a beautiful vineyard in the Algarve region. Delivery in Portugal.\" \/>\n<meta property=\"og:url\" content=\"https:\/\/quintadoscapinhas.com\/fr\/produit\/alicante-bouschet-2024\/\" \/>\n<meta property=\"og:site_name\" content=\"Quinta dos Capinhas\" \/>\n<meta property=\"article:modified_time\" content=\"2026-01-07T15:20:55+00:00\" \/>\n<meta property=\"og:image\" content=\"https:\/\/quintadoscapinhas.com\/wp-content\/uploads\/2026\/01\/Quinta-dos-Capinhas-Alicante-Bouschet-2024.webp\" \/>\n\t<meta property=\"og:image:width\" content=\"1800\" \/>\n\t<meta property=\"og:image:height\" content=\"1800\" \/>\n\t<meta property=\"og:image:type\" content=\"image\/webp\" \/>\n<meta name=\"twitter:card\" content=\"summary_large_image\" \/>\n<script type=\"application\/ld+json\" class=\"yoast-schema-graph\">{\"@context\":\"https:\/\/schema.org\",\"@graph\":[{\"@type\":\"WebPage\",\"@id\":\"https:\/\/quintadoscapinhas.com\/product\/alicante-bouschet-2024\/\",\"url\":\"https:\/\/quintadoscapinhas.com\/product\/alicante-bouschet-2024\/\",\"name\":\"Alicante Bouschet 2024 &#8212; Quinta dos Capinhas\",\"isPartOf\":{\"@id\":\"https:\/\/quintadoscapinhas.com\/#website\"},\"primaryImageOfPage\":{\"@id\":\"https:\/\/quintadoscapinhas.com\/product\/alicante-bouschet-2024\/#primaryimage\"},\"image\":{\"@id\":\"https:\/\/quintadoscapinhas.com\/product\/alicante-bouschet-2024\/#primaryimage\"},\"thumbnailUrl\":\"https:\/\/quintadoscapinhas.com\/wp-content\/uploads\/2026\/01\/Quinta-dos-Capinhas-Alicante-Bouschet-2024.webp\",\"datePublished\":\"2026-01-07T15:18:13+00:00\",\"dateModified\":\"2026-01-07T15:20:55+00:00\",\"description\":\"Know all about the delicious Alicante Bouschet 2024 wines by Quinta dos Capinhas, a beautiful vineyard in the Algarve region. Delivery in Portugal.\",\"breadcrumb\":{\"@id\":\"https:\/\/quintadoscapinhas.com\/product\/alicante-bouschet-2024\/#breadcrumb\"},\"inLanguage\":\"fr-FR\",\"potentialAction\":[{\"@type\":\"ReadAction\",\"target\":[\"https:\/\/quintadoscapinhas.com\/product\/alicante-bouschet-2024\/\"]}]},{\"@type\":\"ImageObject\",\"inLanguage\":\"fr-FR\",\"@id\":\"https:\/\/quintadoscapinhas.com\/product\/alicante-bouschet-2024\/#primaryimage\",\"url\":\"https:\/\/quintadoscapinhas.com\/wp-content\/uploads\/2026\/01\/Quinta-dos-Capinhas-Alicante-Bouschet-2024.webp\",\"contentUrl\":\"https:\/\/quintadoscapinhas.com\/wp-content\/uploads\/2026\/01\/Quinta-dos-Capinhas-Alicante-Bouschet-2024.webp\",\"width\":1800,\"height\":1800},{\"@type\":\"BreadcrumbList\",\"@id\":\"https:\/\/quintadoscapinhas.com\/product\/alicante-bouschet-2024\/#breadcrumb\",\"itemListElement\":[{\"@type\":\"ListItem\",\"position\":1,\"name\":\"Home\",\"item\":\"https:\/\/quintadoscapinhas.com\/\"},{\"@type\":\"ListItem\",\"position\":2,\"name\":\"Shop\",\"item\":\"https:\/\/quintadoscapinhas.com\/shop\/\"},{\"@type\":\"ListItem\",\"position\":3,\"name\":\"Alicante Bouschet 2024\"}]},{\"@type\":\"WebSite\",\"@id\":\"https:\/\/quintadoscapinhas.com\/#website\",\"url\":\"https:\/\/quintadoscapinhas.com\/\",\"name\":\"Quinta dos Capinhas\",\"description\":\"Liderando a nova vaga de vinhos algarvios\",\"publisher\":{\"@id\":\"https:\/\/quintadoscapinhas.com\/#organization\"},\"alternateName\":\"Quinta dos Capinhas - Liderando a nova vaga de vinhos algarvios\",\"potentialAction\":[{\"@type\":\"SearchAction\",\"target\":{\"@type\":\"EntryPoint\",\"urlTemplate\":\"https:\/\/quintadoscapinhas.com\/?s={search_term_string}\"},\"query-input\":{\"@type\":\"PropertyValueSpecification\",\"valueRequired\":true,\"valueName\":\"search_term_string\"}}],\"inLanguage\":\"fr-FR\"},{\"@type\":\"Organization\",\"@id\":\"https:\/\/quintadoscapinhas.com\/#organization\",\"name\":\"Quinta dos Capinhas\",\"alternateName\":\"Quinta dos Capinhas\",\"url\":\"https:\/\/quintadoscapinhas.com\/\",\"logo\":{\"@type\":\"ImageObject\",\"inLanguage\":\"fr-FR\",\"@id\":\"https:\/\/quintadoscapinhas.com\/#\/schema\/logo\/image\/\",\"url\":\"https:\/\/quintadoscapinhas.com\/wp-content\/uploads\/2022\/05\/Logo-com-camaleao-fundo-transparente-1.png\",\"contentUrl\":\"https:\/\/quintadoscapinhas.com\/wp-content\/uploads\/2022\/05\/Logo-com-camaleao-fundo-transparente-1.png\",\"width\":3000,\"height\":1200,\"caption\":\"Quinta dos Capinhas\"},\"image\":{\"@id\":\"https:\/\/quintadoscapinhas.com\/#\/schema\/logo\/image\/\"}}]}<\/script>\n<!-- \/ Yoast SEO plugin. -->","yoast_head_json":{"title":"Alicante Bouschet 2024 &#8212; Quinta dos Capinhas","description":"Know all about the delicious Alicante Bouschet 2024 wines by Quinta dos Capinhas, a beautiful vineyard in the Algarve region. Delivery in Portugal.","robots":{"index":"index","follow":"follow","max-snippet":"max-snippet:-1","max-image-preview":"max-image-preview:large","max-video-preview":"max-video-preview:-1"},"canonical":"https:\/\/quintadoscapinhas.com\/fr\/produit\/alicante-bouschet-2024\/","og_locale":"fr_FR","og_type":"article","og_title":"Alicante Bouschet 2024 &#8212; Quinta dos Capinhas","og_description":"Know all about the delicious Alicante Bouschet 2024 wines by Quinta dos Capinhas, a beautiful vineyard in the Algarve region. Delivery in Portugal.","og_url":"https:\/\/quintadoscapinhas.com\/fr\/produit\/alicante-bouschet-2024\/","og_site_name":"Quinta dos Capinhas","article_modified_time":"2026-01-07T15:20:55+00:00","og_image":[{"width":1800,"height":1800,"url":"https:\/\/quintadoscapinhas.com\/wp-content\/uploads\/2026\/01\/Quinta-dos-Capinhas-Alicante-Bouschet-2024.webp","type":"image\/webp"}],"twitter_card":"summary_large_image","schema":{"@context":"https:\/\/schema.org","@graph":[{"@type":"WebPage","@id":"https:\/\/quintadoscapinhas.com\/product\/alicante-bouschet-2024\/","url":"https:\/\/quintadoscapinhas.com\/product\/alicante-bouschet-2024\/","name":"Alicante Bouschet 2024 &#8212; Quinta dos Capinhas","isPartOf":{"@id":"https:\/\/quintadoscapinhas.com\/#website"},"primaryImageOfPage":{"@id":"https:\/\/quintadoscapinhas.com\/product\/alicante-bouschet-2024\/#primaryimage"},"image":{"@id":"https:\/\/quintadoscapinhas.com\/product\/alicante-bouschet-2024\/#primaryimage"},"thumbnailUrl":"https:\/\/quintadoscapinhas.com\/wp-content\/uploads\/2026\/01\/Quinta-dos-Capinhas-Alicante-Bouschet-2024.webp","datePublished":"2026-01-07T15:18:13+00:00","dateModified":"2026-01-07T15:20:55+00:00","description":"Know all about the delicious Alicante Bouschet 2024 wines by Quinta dos Capinhas, a beautiful vineyard in the Algarve region. Delivery in Portugal.","breadcrumb":{"@id":"https:\/\/quintadoscapinhas.com\/product\/alicante-bouschet-2024\/#breadcrumb"},"inLanguage":"fr-FR","potentialAction":[{"@type":"ReadAction","target":["https:\/\/quintadoscapinhas.com\/product\/alicante-bouschet-2024\/"]}]},{"@type":"ImageObject","inLanguage":"fr-FR","@id":"https:\/\/quintadoscapinhas.com\/product\/alicante-bouschet-2024\/#primaryimage","url":"https:\/\/quintadoscapinhas.com\/wp-content\/uploads\/2026\/01\/Quinta-dos-Capinhas-Alicante-Bouschet-2024.webp","contentUrl":"https:\/\/quintadoscapinhas.com\/wp-content\/uploads\/2026\/01\/Quinta-dos-Capinhas-Alicante-Bouschet-2024.webp","width":1800,"height":1800},{"@type":"BreadcrumbList","@id":"https:\/\/quintadoscapinhas.com\/product\/alicante-bouschet-2024\/#breadcrumb","itemListElement":[{"@type":"ListItem","position":1,"name":"Home","item":"https:\/\/quintadoscapinhas.com\/"},{"@type":"ListItem","position":2,"name":"Shop","item":"https:\/\/quintadoscapinhas.com\/shop\/"},{"@type":"ListItem","position":3,"name":"Alicante Bouschet 2024"}]},{"@type":"WebSite","@id":"https:\/\/quintadoscapinhas.com\/#website","url":"https:\/\/quintadoscapinhas.com\/","name":"Quinta dos Capinhas","description":"Liderando a nova vaga de vinhos algarvios","publisher":{"@id":"https:\/\/quintadoscapinhas.com\/#organization"},"alternateName":"Quinta dos Capinhas - Liderando a nova vaga de vinhos algarvios","potentialAction":[{"@type":"SearchAction","target":{"@type":"EntryPoint","urlTemplate":"https:\/\/quintadoscapinhas.com\/?s={search_term_string}"},"query-input":{"@type":"PropertyValueSpecification","valueRequired":true,"valueName":"search_term_string"}}],"inLanguage":"fr-FR"},{"@type":"Organization","@id":"https:\/\/quintadoscapinhas.com\/#organization","name":"Quinta dos Capinhas","alternateName":"Quinta dos Capinhas","url":"https:\/\/quintadoscapinhas.com\/","logo":{"@type":"ImageObject","inLanguage":"fr-FR","@id":"https:\/\/quintadoscapinhas.com\/#\/schema\/logo\/image\/","url":"https:\/\/quintadoscapinhas.com\/wp-content\/uploads\/2022\/05\/Logo-com-camaleao-fundo-transparente-1.png","contentUrl":"https:\/\/quintadoscapinhas.com\/wp-content\/uploads\/2022\/05\/Logo-com-camaleao-fundo-transparente-1.png","width":3000,"height":1200,"caption":"Quinta dos Capinhas"},"image":{"@id":"https:\/\/quintadoscapinhas.com\/#\/schema\/logo\/image\/"}}]}},"_links":{"self":[{"href":"https:\/\/quintadoscapinhas.com\/fr\/wp-json\/wp\/v2\/product\/11085","targetHints":{"allow":["GET"]}}],"collection":[{"href":"https:\/\/quintadoscapinhas.com\/fr\/wp-json\/wp\/v2\/product"}],"about":[{"href":"https:\/\/quintadoscapinhas.com\/fr\/wp-json\/wp\/v2\/types\/product"}],"replies":[{"embeddable":true,"href":"https:\/\/quintadoscapinhas.com\/fr\/wp-json\/wp\/v2\/comments?post=11085"}],"wp:featuredmedia":[{"embeddable":true,"href":"https:\/\/quintadoscapinhas.com\/fr\/wp-json\/wp\/v2\/media\/11086"}],"wp:attachment":[{"href":"https:\/\/quintadoscapinhas.com\/fr\/wp-json\/wp\/v2\/media?parent=11085"}],"wp:term":[{"taxonomy":"product_brand","embeddable":true,"href":"https:\/\/quintadoscapinhas.com\/fr\/wp-json\/wp\/v2\/product_brand?post=11085"},{"taxonomy":"product_cat","embeddable":true,"href":"https:\/\/quintadoscapinhas.com\/fr\/wp-json\/wp\/v2\/product_cat?post=11085"},{"taxonomy":"product_tag","embeddable":true,"href":"https:\/\/quintadoscapinhas.com\/fr\/wp-json\/wp\/v2\/product_tag?post=11085"}],"curies":[{"name":"wp","href":"https:\/\/api.w.org\/{rel}","templated":true}]}}