{"id":4703,"date":"2022-12-04T17:06:12","date_gmt":"2022-12-04T17:06:12","guid":{"rendered":"https:\/\/quintadoscapinhas.com\/?post_type=product&#038;p=4703"},"modified":"2025-04-30T14:19:47","modified_gmt":"2025-04-30T14:19:47","slug":"maria-2020","status":"publish","type":"product","link":"https:\/\/quintadoscapinhas.com\/fr\/produit\/maria-2020\/","title":{"rendered":"Maria Touriga Nacional Reserva 2020"},"content":{"rendered":"<p><strong>Alcool<\/strong><br \/>\n15%<\/p>\n<p><strong>Mode de consommation<\/strong><br \/>\nIl doit \u00eatre consomm\u00e9 \u00e0 16\u00baC<\/p>\n<p><strong>Accorder avec la nourriture<\/strong><br \/>\nViande de gibier, agneau r\u00f4ti, rago\u00fbts et viandes riches en sauces. Fromages \u00e0 p\u00e2te dure et forte<\/p>\n<p><strong>Vintage<\/strong><br \/>\nManuel et nocturne, afin de pr\u00e9server toute la qualit\u00e9 des raisins rigoureusement s\u00e9lectionn\u00e9s dans notre vignoble de Quinta dos Capinhas.<\/p>\n<p><strong>Conservation<\/strong><br \/>\nLes bouteilles doivent \u00eatre prot\u00e9g\u00e9es de la lumi\u00e8re du soleil, sans oscillations ni vibrations, en position totalement ou partiellement horizontale, avec le vin en contact avec le bouchon, dans un endroit frais (entre 10 et 15\u00baC).<\/p>\n<p><strong>Allerg\u00e8nes<\/strong><br \/>\nContient des sulfites<\/p>","protected":false},"excerpt":{"rendered":"<p>Le vin combine des fruits m\u00fbrs avec du tabac balsamique, du graphite et du cacao. Floral, avec des notes de ciste et de bruy\u00e8re. Tr\u00e8s complexe, \u00e9l\u00e9gant et harmonieux. Fin de bouche longue et r\u00e9sistante.<\/p>","protected":false},"featured_media":4840,"comment_status":"closed","ping_status":"closed","template":"","meta":[],"product_brand":[],"product_cat":[67],"product_tag":[],"class_list":{"0":"post-4703","1":"product","2":"type-product","3":"status-publish","4":"has-post-thumbnail","6":"product_cat-red-wine","8":"first","9":"instock","10":"shipping-taxable","11":"purchasable","12":"product-type-simple"},"yoast_head":"<!-- This site is optimized with the Yoast SEO plugin v26.8 - https:\/\/yoast.com\/product\/yoast-seo-wordpress\/ -->\n<title>Maria Touriga Nacional Reserva\u00a02020 &#8212; Quinta dos Capinhas<\/title>\n<meta name=\"description\" content=\"Know all about the delicious Maria Touriga Nacional Reserva\u00a02020 wines by Quinta dos Capinhas, a beautiful vineyard in the Algarve region. Delivery in Portugal.\" \/>\n<meta name=\"robots\" content=\"index, follow, max-snippet:-1, max-image-preview:large, max-video-preview:-1\" \/>\n<link rel=\"canonical\" href=\"https:\/\/quintadoscapinhas.com\/fr\/produit\/maria-2020\/\" \/>\n<meta property=\"og:locale\" content=\"fr_FR\" \/>\n<meta property=\"og:type\" content=\"article\" \/>\n<meta property=\"og:title\" content=\"Maria Touriga Nacional Reserva\u00a02020 &#8212; Quinta dos Capinhas\" \/>\n<meta property=\"og:description\" content=\"Know all about the delicious Maria Touriga Nacional Reserva\u00a02020 wines by Quinta dos Capinhas, a beautiful vineyard in the Algarve region. Delivery in Portugal.\" \/>\n<meta property=\"og:url\" content=\"https:\/\/quintadoscapinhas.com\/fr\/produit\/maria-2020\/\" \/>\n<meta property=\"og:site_name\" content=\"Quinta dos Capinhas\" \/>\n<meta property=\"article:modified_time\" content=\"2025-04-30T14:19:47+00:00\" \/>\n<meta property=\"og:image\" content=\"https:\/\/quintadoscapinhas.com\/wp-content\/uploads\/2022\/12\/MG_2950_square_t-1-1.png\" \/>\n\t<meta property=\"og:image:width\" content=\"2592\" \/>\n\t<meta property=\"og:image:height\" content=\"2592\" \/>\n\t<meta property=\"og:image:type\" content=\"image\/png\" \/>\n<meta name=\"twitter:card\" content=\"summary_large_image\" \/>\n<script type=\"application\/ld+json\" class=\"yoast-schema-graph\">{\"@context\":\"https:\/\/schema.org\",\"@graph\":[{\"@type\":\"WebPage\",\"@id\":\"https:\/\/quintadoscapinhas.com\/product\/maria-2020\/\",\"url\":\"https:\/\/quintadoscapinhas.com\/product\/maria-2020\/\",\"name\":\"Maria Touriga Nacional Reserva\u00a02020 &#8212; Quinta dos Capinhas\",\"isPartOf\":{\"@id\":\"https:\/\/quintadoscapinhas.com\/#website\"},\"primaryImageOfPage\":{\"@id\":\"https:\/\/quintadoscapinhas.com\/product\/maria-2020\/#primaryimage\"},\"image\":{\"@id\":\"https:\/\/quintadoscapinhas.com\/product\/maria-2020\/#primaryimage\"},\"thumbnailUrl\":\"https:\/\/quintadoscapinhas.com\/wp-content\/uploads\/2022\/12\/MG_2950_square_t-1-1.png\",\"datePublished\":\"2022-12-04T17:06:12+00:00\",\"dateModified\":\"2025-04-30T14:19:47+00:00\",\"description\":\"Know all about the delicious Maria Touriga Nacional Reserva\u00a02020 wines by Quinta dos Capinhas, a beautiful vineyard in the Algarve region. Delivery in Portugal.\",\"breadcrumb\":{\"@id\":\"https:\/\/quintadoscapinhas.com\/product\/maria-2020\/#breadcrumb\"},\"inLanguage\":\"fr-FR\",\"potentialAction\":[{\"@type\":\"ReadAction\",\"target\":[\"https:\/\/quintadoscapinhas.com\/product\/maria-2020\/\"]}]},{\"@type\":\"ImageObject\",\"inLanguage\":\"fr-FR\",\"@id\":\"https:\/\/quintadoscapinhas.com\/product\/maria-2020\/#primaryimage\",\"url\":\"https:\/\/quintadoscapinhas.com\/wp-content\/uploads\/2022\/12\/MG_2950_square_t-1-1.png\",\"contentUrl\":\"https:\/\/quintadoscapinhas.com\/wp-content\/uploads\/2022\/12\/MG_2950_square_t-1-1.png\",\"width\":2592,\"height\":2592},{\"@type\":\"BreadcrumbList\",\"@id\":\"https:\/\/quintadoscapinhas.com\/product\/maria-2020\/#breadcrumb\",\"itemListElement\":[{\"@type\":\"ListItem\",\"position\":1,\"name\":\"Home\",\"item\":\"https:\/\/quintadoscapinhas.com\/\"},{\"@type\":\"ListItem\",\"position\":2,\"name\":\"Shop\",\"item\":\"https:\/\/quintadoscapinhas.com\/shop\/\"},{\"@type\":\"ListItem\",\"position\":3,\"name\":\"Maria Touriga Nacional Reserva\u00a02020\"}]},{\"@type\":\"WebSite\",\"@id\":\"https:\/\/quintadoscapinhas.com\/#website\",\"url\":\"https:\/\/quintadoscapinhas.com\/\",\"name\":\"Quinta dos Capinhas\",\"description\":\"Liderando a nova vaga de vinhos algarvios\",\"publisher\":{\"@id\":\"https:\/\/quintadoscapinhas.com\/#organization\"},\"alternateName\":\"Quinta dos Capinhas - Liderando a nova vaga de vinhos algarvios\",\"potentialAction\":[{\"@type\":\"SearchAction\",\"target\":{\"@type\":\"EntryPoint\",\"urlTemplate\":\"https:\/\/quintadoscapinhas.com\/?s={search_term_string}\"},\"query-input\":{\"@type\":\"PropertyValueSpecification\",\"valueRequired\":true,\"valueName\":\"search_term_string\"}}],\"inLanguage\":\"fr-FR\"},{\"@type\":\"Organization\",\"@id\":\"https:\/\/quintadoscapinhas.com\/#organization\",\"name\":\"Quinta dos Capinhas\",\"alternateName\":\"Quinta dos Capinhas\",\"url\":\"https:\/\/quintadoscapinhas.com\/\",\"logo\":{\"@type\":\"ImageObject\",\"inLanguage\":\"fr-FR\",\"@id\":\"https:\/\/quintadoscapinhas.com\/#\/schema\/logo\/image\/\",\"url\":\"https:\/\/quintadoscapinhas.com\/wp-content\/uploads\/2022\/05\/Logo-com-camaleao-fundo-transparente-1.png\",\"contentUrl\":\"https:\/\/quintadoscapinhas.com\/wp-content\/uploads\/2022\/05\/Logo-com-camaleao-fundo-transparente-1.png\",\"width\":3000,\"height\":1200,\"caption\":\"Quinta dos Capinhas\"},\"image\":{\"@id\":\"https:\/\/quintadoscapinhas.com\/#\/schema\/logo\/image\/\"}}]}<\/script>\n<!-- \/ Yoast SEO plugin. -->","yoast_head_json":{"title":"Maria Touriga Nacional Reserva\u00a02020 &#8212; Quinta dos Capinhas","description":"Know all about the delicious Maria Touriga Nacional Reserva\u00a02020 wines by Quinta dos Capinhas, a beautiful vineyard in the Algarve region. Delivery in Portugal.","robots":{"index":"index","follow":"follow","max-snippet":"max-snippet:-1","max-image-preview":"max-image-preview:large","max-video-preview":"max-video-preview:-1"},"canonical":"https:\/\/quintadoscapinhas.com\/fr\/produit\/maria-2020\/","og_locale":"fr_FR","og_type":"article","og_title":"Maria Touriga Nacional Reserva\u00a02020 &#8212; Quinta dos Capinhas","og_description":"Know all about the delicious Maria Touriga Nacional Reserva\u00a02020 wines by Quinta dos Capinhas, a beautiful vineyard in the Algarve region. Delivery in Portugal.","og_url":"https:\/\/quintadoscapinhas.com\/fr\/produit\/maria-2020\/","og_site_name":"Quinta dos Capinhas","article_modified_time":"2025-04-30T14:19:47+00:00","og_image":[{"width":2592,"height":2592,"url":"https:\/\/quintadoscapinhas.com\/wp-content\/uploads\/2022\/12\/MG_2950_square_t-1-1.png","type":"image\/png"}],"twitter_card":"summary_large_image","schema":{"@context":"https:\/\/schema.org","@graph":[{"@type":"WebPage","@id":"https:\/\/quintadoscapinhas.com\/product\/maria-2020\/","url":"https:\/\/quintadoscapinhas.com\/product\/maria-2020\/","name":"Maria Touriga Nacional Reserva\u00a02020 &#8212; Quinta dos Capinhas","isPartOf":{"@id":"https:\/\/quintadoscapinhas.com\/#website"},"primaryImageOfPage":{"@id":"https:\/\/quintadoscapinhas.com\/product\/maria-2020\/#primaryimage"},"image":{"@id":"https:\/\/quintadoscapinhas.com\/product\/maria-2020\/#primaryimage"},"thumbnailUrl":"https:\/\/quintadoscapinhas.com\/wp-content\/uploads\/2022\/12\/MG_2950_square_t-1-1.png","datePublished":"2022-12-04T17:06:12+00:00","dateModified":"2025-04-30T14:19:47+00:00","description":"Know all about the delicious Maria Touriga Nacional Reserva\u00a02020 wines by Quinta dos Capinhas, a beautiful vineyard in the Algarve region. Delivery in Portugal.","breadcrumb":{"@id":"https:\/\/quintadoscapinhas.com\/product\/maria-2020\/#breadcrumb"},"inLanguage":"fr-FR","potentialAction":[{"@type":"ReadAction","target":["https:\/\/quintadoscapinhas.com\/product\/maria-2020\/"]}]},{"@type":"ImageObject","inLanguage":"fr-FR","@id":"https:\/\/quintadoscapinhas.com\/product\/maria-2020\/#primaryimage","url":"https:\/\/quintadoscapinhas.com\/wp-content\/uploads\/2022\/12\/MG_2950_square_t-1-1.png","contentUrl":"https:\/\/quintadoscapinhas.com\/wp-content\/uploads\/2022\/12\/MG_2950_square_t-1-1.png","width":2592,"height":2592},{"@type":"BreadcrumbList","@id":"https:\/\/quintadoscapinhas.com\/product\/maria-2020\/#breadcrumb","itemListElement":[{"@type":"ListItem","position":1,"name":"Home","item":"https:\/\/quintadoscapinhas.com\/"},{"@type":"ListItem","position":2,"name":"Shop","item":"https:\/\/quintadoscapinhas.com\/shop\/"},{"@type":"ListItem","position":3,"name":"Maria Touriga Nacional Reserva\u00a02020"}]},{"@type":"WebSite","@id":"https:\/\/quintadoscapinhas.com\/#website","url":"https:\/\/quintadoscapinhas.com\/","name":"Quinta dos Capinhas","description":"Liderando a nova vaga de vinhos algarvios","publisher":{"@id":"https:\/\/quintadoscapinhas.com\/#organization"},"alternateName":"Quinta dos Capinhas - Liderando a nova vaga de vinhos algarvios","potentialAction":[{"@type":"SearchAction","target":{"@type":"EntryPoint","urlTemplate":"https:\/\/quintadoscapinhas.com\/?s={search_term_string}"},"query-input":{"@type":"PropertyValueSpecification","valueRequired":true,"valueName":"search_term_string"}}],"inLanguage":"fr-FR"},{"@type":"Organization","@id":"https:\/\/quintadoscapinhas.com\/#organization","name":"Quinta dos Capinhas","alternateName":"Quinta dos Capinhas","url":"https:\/\/quintadoscapinhas.com\/","logo":{"@type":"ImageObject","inLanguage":"fr-FR","@id":"https:\/\/quintadoscapinhas.com\/#\/schema\/logo\/image\/","url":"https:\/\/quintadoscapinhas.com\/wp-content\/uploads\/2022\/05\/Logo-com-camaleao-fundo-transparente-1.png","contentUrl":"https:\/\/quintadoscapinhas.com\/wp-content\/uploads\/2022\/05\/Logo-com-camaleao-fundo-transparente-1.png","width":3000,"height":1200,"caption":"Quinta dos Capinhas"},"image":{"@id":"https:\/\/quintadoscapinhas.com\/#\/schema\/logo\/image\/"}}]}},"_links":{"self":[{"href":"https:\/\/quintadoscapinhas.com\/fr\/wp-json\/wp\/v2\/product\/4703","targetHints":{"allow":["GET"]}}],"collection":[{"href":"https:\/\/quintadoscapinhas.com\/fr\/wp-json\/wp\/v2\/product"}],"about":[{"href":"https:\/\/quintadoscapinhas.com\/fr\/wp-json\/wp\/v2\/types\/product"}],"replies":[{"embeddable":true,"href":"https:\/\/quintadoscapinhas.com\/fr\/wp-json\/wp\/v2\/comments?post=4703"}],"wp:featuredmedia":[{"embeddable":true,"href":"https:\/\/quintadoscapinhas.com\/fr\/wp-json\/wp\/v2\/media\/4840"}],"wp:attachment":[{"href":"https:\/\/quintadoscapinhas.com\/fr\/wp-json\/wp\/v2\/media?parent=4703"}],"wp:term":[{"taxonomy":"product_brand","embeddable":true,"href":"https:\/\/quintadoscapinhas.com\/fr\/wp-json\/wp\/v2\/product_brand?post=4703"},{"taxonomy":"product_cat","embeddable":true,"href":"https:\/\/quintadoscapinhas.com\/fr\/wp-json\/wp\/v2\/product_cat?post=4703"},{"taxonomy":"product_tag","embeddable":true,"href":"https:\/\/quintadoscapinhas.com\/fr\/wp-json\/wp\/v2\/product_tag?post=4703"}],"curies":[{"name":"wp","href":"https:\/\/api.w.org\/{rel}","templated":true}]}}