{"id":8872,"date":"2024-07-10T17:53:48","date_gmt":"2024-07-10T17:53:48","guid":{"rendered":"https:\/\/quintadoscapinhas.com\/?post_type=product&#038;p=8872"},"modified":"2026-01-07T15:12:44","modified_gmt":"2026-01-07T15:12:44","slug":"chardonnay-reserva-2024","status":"publish","type":"product","link":"https:\/\/quintadoscapinhas.com\/fr\/produit\/chardonnay-reserva-2024\/","title":{"rendered":"Chardonnay Reserva 2024"},"content":{"rendered":"<p><strong>Terroir<br \/>\n<\/strong>Sols sablonneux et calcaires. Vignoble expos\u00e9 au sud. Situ\u00e9 \u00e0 2000 m\u00e8tres de la mer et fortement expos\u00e9 au vent du nord de Monchique.<\/p>\n<p><strong>Vinification<\/strong><br \/>\nFermentation en f\u00fbts de ch\u00eane fran\u00e7ais. Vieillissement : 6 mois en f\u00fbts de ch\u00eane fran\u00e7ais. F\u00fbts de ch\u00eane fran\u00e7ais.<\/p>\n<p><strong>Accorder avec la nourriture<\/strong><br \/>\nFromages forts, poissons r\u00f4tis au four, cataplasme de l'Algarve, cuisine asiatique.<\/p>\n<p><strong>Conservation<\/strong><br \/>\nLes bouteilles doivent \u00eatre prot\u00e9g\u00e9es de la lumi\u00e8re du soleil, sans oscillations ni vibrations, en position totalement ou partiellement horizontale, avec le vin en contact avec le bouchon, dans un endroit frais (entre 10 et 15\u00baC).<\/p>\n<p><strong>Allerg\u00e8nes<\/strong><br \/>\nContient des sulfites<\/p>","protected":false},"excerpt":{"rendered":"<p>Ferment\u00e9 en f\u00fbts de ch\u00eane fran\u00e7ais, ce vin est parfait pour accompagner les fromages forts, les poissons r\u00f4tis au four, la cataplana de l'Algarve, ou la cuisine asiatique.<\/p>\n<p>&nbsp;<\/p>","protected":false},"featured_media":11084,"comment_status":"closed","ping_status":"closed","template":"","meta":[],"product_brand":[],"product_cat":[85],"product_tag":[],"class_list":{"0":"post-8872","1":"product","2":"type-product","3":"status-publish","4":"has-post-thumbnail","6":"product_cat-white-wine","8":"first","9":"instock","10":"shipping-taxable","11":"purchasable","12":"product-type-simple"},"yoast_head":"<!-- This site is optimized with the Yoast SEO plugin v26.8 - https:\/\/yoast.com\/product\/yoast-seo-wordpress\/ -->\n<title>Chardonnay Reserva 2024 &#8212; Quinta dos Capinhas<\/title>\n<meta name=\"description\" content=\"Know all about the delicious Chardonnay Reserva 2024 wines by Quinta dos Capinhas, a beautiful vineyard in the Algarve region. Delivery in Portugal.\" \/>\n<meta name=\"robots\" content=\"index, follow, max-snippet:-1, max-image-preview:large, max-video-preview:-1\" \/>\n<link rel=\"canonical\" href=\"https:\/\/quintadoscapinhas.com\/fr\/produit\/chardonnay-reserva-2024\/\" \/>\n<meta property=\"og:locale\" content=\"fr_FR\" \/>\n<meta property=\"og:type\" content=\"article\" \/>\n<meta property=\"og:title\" content=\"Chardonnay Reserva 2024 &#8212; Quinta dos Capinhas\" \/>\n<meta property=\"og:description\" content=\"Know all about the delicious Chardonnay Reserva 2024 wines by Quinta dos Capinhas, a beautiful vineyard in the Algarve region. Delivery in Portugal.\" \/>\n<meta property=\"og:url\" content=\"https:\/\/quintadoscapinhas.com\/fr\/produit\/chardonnay-reserva-2024\/\" \/>\n<meta property=\"og:site_name\" content=\"Quinta dos Capinhas\" \/>\n<meta property=\"article:modified_time\" content=\"2026-01-07T15:12:44+00:00\" \/>\n<meta property=\"og:image\" content=\"https:\/\/quintadoscapinhas.com\/wp-content\/uploads\/2024\/07\/Quinta-dos-Capinhas-Chardonnay-Reserva-2024-1.webp\" \/>\n\t<meta property=\"og:image:width\" content=\"1800\" \/>\n\t<meta property=\"og:image:height\" content=\"1800\" \/>\n\t<meta property=\"og:image:type\" content=\"image\/webp\" \/>\n<meta name=\"twitter:card\" content=\"summary_large_image\" \/>\n<script type=\"application\/ld+json\" class=\"yoast-schema-graph\">{\"@context\":\"https:\/\/schema.org\",\"@graph\":[{\"@type\":\"WebPage\",\"@id\":\"https:\/\/quintadoscapinhas.com\/product\/chardonnay-reserva-2024\/\",\"url\":\"https:\/\/quintadoscapinhas.com\/product\/chardonnay-reserva-2024\/\",\"name\":\"Chardonnay Reserva 2024 &#8212; Quinta dos Capinhas\",\"isPartOf\":{\"@id\":\"https:\/\/quintadoscapinhas.com\/#website\"},\"primaryImageOfPage\":{\"@id\":\"https:\/\/quintadoscapinhas.com\/product\/chardonnay-reserva-2024\/#primaryimage\"},\"image\":{\"@id\":\"https:\/\/quintadoscapinhas.com\/product\/chardonnay-reserva-2024\/#primaryimage\"},\"thumbnailUrl\":\"https:\/\/quintadoscapinhas.com\/wp-content\/uploads\/2024\/07\/Quinta-dos-Capinhas-Chardonnay-Reserva-2024-1.webp\",\"datePublished\":\"2024-07-10T17:53:48+00:00\",\"dateModified\":\"2026-01-07T15:12:44+00:00\",\"description\":\"Know all about the delicious Chardonnay Reserva 2024 wines by Quinta dos Capinhas, a beautiful vineyard in the Algarve region. Delivery in Portugal.\",\"breadcrumb\":{\"@id\":\"https:\/\/quintadoscapinhas.com\/product\/chardonnay-reserva-2024\/#breadcrumb\"},\"inLanguage\":\"fr-FR\",\"potentialAction\":[{\"@type\":\"ReadAction\",\"target\":[\"https:\/\/quintadoscapinhas.com\/product\/chardonnay-reserva-2024\/\"]}]},{\"@type\":\"ImageObject\",\"inLanguage\":\"fr-FR\",\"@id\":\"https:\/\/quintadoscapinhas.com\/product\/chardonnay-reserva-2024\/#primaryimage\",\"url\":\"https:\/\/quintadoscapinhas.com\/wp-content\/uploads\/2024\/07\/Quinta-dos-Capinhas-Chardonnay-Reserva-2024-1.webp\",\"contentUrl\":\"https:\/\/quintadoscapinhas.com\/wp-content\/uploads\/2024\/07\/Quinta-dos-Capinhas-Chardonnay-Reserva-2024-1.webp\",\"width\":1800,\"height\":1800},{\"@type\":\"BreadcrumbList\",\"@id\":\"https:\/\/quintadoscapinhas.com\/product\/chardonnay-reserva-2024\/#breadcrumb\",\"itemListElement\":[{\"@type\":\"ListItem\",\"position\":1,\"name\":\"Home\",\"item\":\"https:\/\/quintadoscapinhas.com\/\"},{\"@type\":\"ListItem\",\"position\":2,\"name\":\"Shop\",\"item\":\"https:\/\/quintadoscapinhas.com\/shop\/\"},{\"@type\":\"ListItem\",\"position\":3,\"name\":\"Chardonnay Reserva 2024\"}]},{\"@type\":\"WebSite\",\"@id\":\"https:\/\/quintadoscapinhas.com\/#website\",\"url\":\"https:\/\/quintadoscapinhas.com\/\",\"name\":\"Quinta dos Capinhas\",\"description\":\"Liderando a nova vaga de vinhos algarvios\",\"publisher\":{\"@id\":\"https:\/\/quintadoscapinhas.com\/#organization\"},\"alternateName\":\"Quinta dos Capinhas - Liderando a nova vaga de vinhos algarvios\",\"potentialAction\":[{\"@type\":\"SearchAction\",\"target\":{\"@type\":\"EntryPoint\",\"urlTemplate\":\"https:\/\/quintadoscapinhas.com\/?s={search_term_string}\"},\"query-input\":{\"@type\":\"PropertyValueSpecification\",\"valueRequired\":true,\"valueName\":\"search_term_string\"}}],\"inLanguage\":\"fr-FR\"},{\"@type\":\"Organization\",\"@id\":\"https:\/\/quintadoscapinhas.com\/#organization\",\"name\":\"Quinta dos Capinhas\",\"alternateName\":\"Quinta dos Capinhas\",\"url\":\"https:\/\/quintadoscapinhas.com\/\",\"logo\":{\"@type\":\"ImageObject\",\"inLanguage\":\"fr-FR\",\"@id\":\"https:\/\/quintadoscapinhas.com\/#\/schema\/logo\/image\/\",\"url\":\"https:\/\/quintadoscapinhas.com\/wp-content\/uploads\/2022\/05\/Logo-com-camaleao-fundo-transparente-1.png\",\"contentUrl\":\"https:\/\/quintadoscapinhas.com\/wp-content\/uploads\/2022\/05\/Logo-com-camaleao-fundo-transparente-1.png\",\"width\":3000,\"height\":1200,\"caption\":\"Quinta dos Capinhas\"},\"image\":{\"@id\":\"https:\/\/quintadoscapinhas.com\/#\/schema\/logo\/image\/\"}}]}<\/script>\n<!-- \/ Yoast SEO plugin. -->","yoast_head_json":{"title":"Chardonnay Reserva 2024 &#8212; Quinta dos Capinhas","description":"Know all about the delicious Chardonnay Reserva 2024 wines by Quinta dos Capinhas, a beautiful vineyard in the Algarve region. Delivery in Portugal.","robots":{"index":"index","follow":"follow","max-snippet":"max-snippet:-1","max-image-preview":"max-image-preview:large","max-video-preview":"max-video-preview:-1"},"canonical":"https:\/\/quintadoscapinhas.com\/fr\/produit\/chardonnay-reserva-2024\/","og_locale":"fr_FR","og_type":"article","og_title":"Chardonnay Reserva 2024 &#8212; Quinta dos Capinhas","og_description":"Know all about the delicious Chardonnay Reserva 2024 wines by Quinta dos Capinhas, a beautiful vineyard in the Algarve region. Delivery in Portugal.","og_url":"https:\/\/quintadoscapinhas.com\/fr\/produit\/chardonnay-reserva-2024\/","og_site_name":"Quinta dos Capinhas","article_modified_time":"2026-01-07T15:12:44+00:00","og_image":[{"width":1800,"height":1800,"url":"https:\/\/quintadoscapinhas.com\/wp-content\/uploads\/2024\/07\/Quinta-dos-Capinhas-Chardonnay-Reserva-2024-1.webp","type":"image\/webp"}],"twitter_card":"summary_large_image","schema":{"@context":"https:\/\/schema.org","@graph":[{"@type":"WebPage","@id":"https:\/\/quintadoscapinhas.com\/product\/chardonnay-reserva-2024\/","url":"https:\/\/quintadoscapinhas.com\/product\/chardonnay-reserva-2024\/","name":"Chardonnay Reserva 2024 &#8212; Quinta dos Capinhas","isPartOf":{"@id":"https:\/\/quintadoscapinhas.com\/#website"},"primaryImageOfPage":{"@id":"https:\/\/quintadoscapinhas.com\/product\/chardonnay-reserva-2024\/#primaryimage"},"image":{"@id":"https:\/\/quintadoscapinhas.com\/product\/chardonnay-reserva-2024\/#primaryimage"},"thumbnailUrl":"https:\/\/quintadoscapinhas.com\/wp-content\/uploads\/2024\/07\/Quinta-dos-Capinhas-Chardonnay-Reserva-2024-1.webp","datePublished":"2024-07-10T17:53:48+00:00","dateModified":"2026-01-07T15:12:44+00:00","description":"Know all about the delicious Chardonnay Reserva 2024 wines by Quinta dos Capinhas, a beautiful vineyard in the Algarve region. Delivery in Portugal.","breadcrumb":{"@id":"https:\/\/quintadoscapinhas.com\/product\/chardonnay-reserva-2024\/#breadcrumb"},"inLanguage":"fr-FR","potentialAction":[{"@type":"ReadAction","target":["https:\/\/quintadoscapinhas.com\/product\/chardonnay-reserva-2024\/"]}]},{"@type":"ImageObject","inLanguage":"fr-FR","@id":"https:\/\/quintadoscapinhas.com\/product\/chardonnay-reserva-2024\/#primaryimage","url":"https:\/\/quintadoscapinhas.com\/wp-content\/uploads\/2024\/07\/Quinta-dos-Capinhas-Chardonnay-Reserva-2024-1.webp","contentUrl":"https:\/\/quintadoscapinhas.com\/wp-content\/uploads\/2024\/07\/Quinta-dos-Capinhas-Chardonnay-Reserva-2024-1.webp","width":1800,"height":1800},{"@type":"BreadcrumbList","@id":"https:\/\/quintadoscapinhas.com\/product\/chardonnay-reserva-2024\/#breadcrumb","itemListElement":[{"@type":"ListItem","position":1,"name":"Home","item":"https:\/\/quintadoscapinhas.com\/"},{"@type":"ListItem","position":2,"name":"Shop","item":"https:\/\/quintadoscapinhas.com\/shop\/"},{"@type":"ListItem","position":3,"name":"Chardonnay Reserva 2024"}]},{"@type":"WebSite","@id":"https:\/\/quintadoscapinhas.com\/#website","url":"https:\/\/quintadoscapinhas.com\/","name":"Quinta dos Capinhas","description":"Liderando a nova vaga de vinhos algarvios","publisher":{"@id":"https:\/\/quintadoscapinhas.com\/#organization"},"alternateName":"Quinta dos Capinhas - Liderando a nova vaga de vinhos algarvios","potentialAction":[{"@type":"SearchAction","target":{"@type":"EntryPoint","urlTemplate":"https:\/\/quintadoscapinhas.com\/?s={search_term_string}"},"query-input":{"@type":"PropertyValueSpecification","valueRequired":true,"valueName":"search_term_string"}}],"inLanguage":"fr-FR"},{"@type":"Organization","@id":"https:\/\/quintadoscapinhas.com\/#organization","name":"Quinta dos Capinhas","alternateName":"Quinta dos Capinhas","url":"https:\/\/quintadoscapinhas.com\/","logo":{"@type":"ImageObject","inLanguage":"fr-FR","@id":"https:\/\/quintadoscapinhas.com\/#\/schema\/logo\/image\/","url":"https:\/\/quintadoscapinhas.com\/wp-content\/uploads\/2022\/05\/Logo-com-camaleao-fundo-transparente-1.png","contentUrl":"https:\/\/quintadoscapinhas.com\/wp-content\/uploads\/2022\/05\/Logo-com-camaleao-fundo-transparente-1.png","width":3000,"height":1200,"caption":"Quinta dos Capinhas"},"image":{"@id":"https:\/\/quintadoscapinhas.com\/#\/schema\/logo\/image\/"}}]}},"_links":{"self":[{"href":"https:\/\/quintadoscapinhas.com\/fr\/wp-json\/wp\/v2\/product\/8872","targetHints":{"allow":["GET"]}}],"collection":[{"href":"https:\/\/quintadoscapinhas.com\/fr\/wp-json\/wp\/v2\/product"}],"about":[{"href":"https:\/\/quintadoscapinhas.com\/fr\/wp-json\/wp\/v2\/types\/product"}],"replies":[{"embeddable":true,"href":"https:\/\/quintadoscapinhas.com\/fr\/wp-json\/wp\/v2\/comments?post=8872"}],"wp:featuredmedia":[{"embeddable":true,"href":"https:\/\/quintadoscapinhas.com\/fr\/wp-json\/wp\/v2\/media\/11084"}],"wp:attachment":[{"href":"https:\/\/quintadoscapinhas.com\/fr\/wp-json\/wp\/v2\/media?parent=8872"}],"wp:term":[{"taxonomy":"product_brand","embeddable":true,"href":"https:\/\/quintadoscapinhas.com\/fr\/wp-json\/wp\/v2\/product_brand?post=8872"},{"taxonomy":"product_cat","embeddable":true,"href":"https:\/\/quintadoscapinhas.com\/fr\/wp-json\/wp\/v2\/product_cat?post=8872"},{"taxonomy":"product_tag","embeddable":true,"href":"https:\/\/quintadoscapinhas.com\/fr\/wp-json\/wp\/v2\/product_tag?post=8872"}],"curies":[{"name":"wp","href":"https:\/\/api.w.org\/{rel}","templated":true}]}}