{"id":8881,"date":"2024-07-10T18:01:58","date_gmt":"2024-07-10T18:01:58","guid":{"rendered":"https:\/\/quintadoscapinhas.com\/?post_type=product&#038;p=8881"},"modified":"2025-01-18T12:21:05","modified_gmt":"2025-01-18T12:21:05","slug":"rose-2023","status":"publish","type":"product","link":"https:\/\/quintadoscapinhas.com\/fr\/produit\/rose-2023\/","title":{"rendered":"Ros\u00e9 2023"},"content":{"rendered":"<p><strong>Terroir<br \/>\n<\/strong>Sols sablonneux et calcaires. Vignoble expos\u00e9 au sud. Situ\u00e9 \u00e0 2000 m\u00e8tres de la mer et fortement expos\u00e9 au vent du nord de Monchique.<\/p>\n<p><strong>Vintage<\/strong><br \/>\nFermentation en cuves inox. Vieillissement en cuves inox.<\/p>\n<p><b>Accorder avec la nourriture<br \/>\n<\/b>Sushi, cuisine indienne, salades fra\u00eeches.<\/p>\n<p><strong>Conservation<\/strong><br \/>\nLes bouteilles doivent \u00eatre prot\u00e9g\u00e9es de la lumi\u00e8re du soleil, sans oscillations ni vibrations, en position totalement ou partiellement horizontale, avec le vin en contact avec le bouchon, dans un endroit frais (entre 10 et 15\u00baC).<\/p>\n<p><strong>Allerg\u00e8nes<\/strong><br \/>\nContient des sulfites<\/p>","protected":false},"excerpt":{"rendered":"<p>Fermentation en cuves d'acier inoxydable. Vieillissement en cuves inox, parfait pour accompagner les sushis, la cuisine indienne ou les salades fra\u00eeches.<\/p>","protected":false},"featured_media":10396,"comment_status":"closed","ping_status":"closed","template":"","meta":[],"product_brand":[],"product_cat":[93],"product_tag":[],"class_list":{"0":"post-8881","1":"product","2":"type-product","3":"status-publish","4":"has-post-thumbnail","6":"product_cat-rose-wine","8":"first","9":"instock","10":"shipping-taxable","11":"purchasable","12":"product-type-simple"},"yoast_head":"<!-- This site is optimized with the Yoast SEO plugin v26.8 - https:\/\/yoast.com\/product\/yoast-seo-wordpress\/ -->\n<title>Ros\u00e9 2023 &#8212; Quinta dos Capinhas<\/title>\n<meta name=\"description\" content=\"Know all about the delicious Ros\u00e9 2023 wines by Quinta dos Capinhas, a beautiful vineyard in the Algarve region. Delivery in Portugal.\" \/>\n<meta name=\"robots\" content=\"index, follow, max-snippet:-1, max-image-preview:large, max-video-preview:-1\" \/>\n<link rel=\"canonical\" href=\"https:\/\/quintadoscapinhas.com\/fr\/produit\/rose-2023\/\" \/>\n<meta property=\"og:locale\" content=\"fr_FR\" \/>\n<meta property=\"og:type\" content=\"article\" \/>\n<meta property=\"og:title\" content=\"Ros\u00e9 2023 &#8212; Quinta dos Capinhas\" \/>\n<meta property=\"og:description\" content=\"Know all about the delicious Ros\u00e9 2023 wines by Quinta dos Capinhas, a beautiful vineyard in the Algarve region. Delivery in Portugal.\" \/>\n<meta property=\"og:url\" content=\"https:\/\/quintadoscapinhas.com\/fr\/produit\/rose-2023\/\" \/>\n<meta property=\"og:site_name\" content=\"Quinta dos Capinhas\" \/>\n<meta property=\"article:modified_time\" content=\"2025-01-18T12:21:05+00:00\" \/>\n<meta property=\"og:image\" content=\"https:\/\/quintadoscapinhas.com\/wp-content\/uploads\/2024\/07\/4211e835-0be2-44a8-8ed4-4141fa732ea3.png\" \/>\n\t<meta property=\"og:image:width\" content=\"1599\" \/>\n\t<meta property=\"og:image:height\" content=\"1600\" \/>\n\t<meta property=\"og:image:type\" content=\"image\/png\" \/>\n<meta name=\"twitter:card\" content=\"summary_large_image\" \/>\n<script type=\"application\/ld+json\" class=\"yoast-schema-graph\">{\"@context\":\"https:\/\/schema.org\",\"@graph\":[{\"@type\":\"WebPage\",\"@id\":\"https:\/\/quintadoscapinhas.com\/product\/rose-2023\/\",\"url\":\"https:\/\/quintadoscapinhas.com\/product\/rose-2023\/\",\"name\":\"Ros\u00e9 2023 &#8212; Quinta dos Capinhas\",\"isPartOf\":{\"@id\":\"https:\/\/quintadoscapinhas.com\/#website\"},\"primaryImageOfPage\":{\"@id\":\"https:\/\/quintadoscapinhas.com\/product\/rose-2023\/#primaryimage\"},\"image\":{\"@id\":\"https:\/\/quintadoscapinhas.com\/product\/rose-2023\/#primaryimage\"},\"thumbnailUrl\":\"https:\/\/quintadoscapinhas.com\/wp-content\/uploads\/2024\/07\/4211e835-0be2-44a8-8ed4-4141fa732ea3.png\",\"datePublished\":\"2024-07-10T18:01:58+00:00\",\"dateModified\":\"2025-01-18T12:21:05+00:00\",\"description\":\"Know all about the delicious Ros\u00e9 2023 wines by Quinta dos Capinhas, a beautiful vineyard in the Algarve region. Delivery in Portugal.\",\"breadcrumb\":{\"@id\":\"https:\/\/quintadoscapinhas.com\/product\/rose-2023\/#breadcrumb\"},\"inLanguage\":\"fr-FR\",\"potentialAction\":[{\"@type\":\"ReadAction\",\"target\":[\"https:\/\/quintadoscapinhas.com\/product\/rose-2023\/\"]}]},{\"@type\":\"ImageObject\",\"inLanguage\":\"fr-FR\",\"@id\":\"https:\/\/quintadoscapinhas.com\/product\/rose-2023\/#primaryimage\",\"url\":\"https:\/\/quintadoscapinhas.com\/wp-content\/uploads\/2024\/07\/4211e835-0be2-44a8-8ed4-4141fa732ea3.png\",\"contentUrl\":\"https:\/\/quintadoscapinhas.com\/wp-content\/uploads\/2024\/07\/4211e835-0be2-44a8-8ed4-4141fa732ea3.png\",\"width\":1599,\"height\":1600},{\"@type\":\"BreadcrumbList\",\"@id\":\"https:\/\/quintadoscapinhas.com\/product\/rose-2023\/#breadcrumb\",\"itemListElement\":[{\"@type\":\"ListItem\",\"position\":1,\"name\":\"Home\",\"item\":\"https:\/\/quintadoscapinhas.com\/\"},{\"@type\":\"ListItem\",\"position\":2,\"name\":\"Shop\",\"item\":\"https:\/\/quintadoscapinhas.com\/shop\/\"},{\"@type\":\"ListItem\",\"position\":3,\"name\":\"Ros\u00e9 2023\"}]},{\"@type\":\"WebSite\",\"@id\":\"https:\/\/quintadoscapinhas.com\/#website\",\"url\":\"https:\/\/quintadoscapinhas.com\/\",\"name\":\"Quinta dos Capinhas\",\"description\":\"Liderando a nova vaga de vinhos algarvios\",\"publisher\":{\"@id\":\"https:\/\/quintadoscapinhas.com\/#organization\"},\"alternateName\":\"Quinta dos Capinhas - Liderando a nova vaga de vinhos algarvios\",\"potentialAction\":[{\"@type\":\"SearchAction\",\"target\":{\"@type\":\"EntryPoint\",\"urlTemplate\":\"https:\/\/quintadoscapinhas.com\/?s={search_term_string}\"},\"query-input\":{\"@type\":\"PropertyValueSpecification\",\"valueRequired\":true,\"valueName\":\"search_term_string\"}}],\"inLanguage\":\"fr-FR\"},{\"@type\":\"Organization\",\"@id\":\"https:\/\/quintadoscapinhas.com\/#organization\",\"name\":\"Quinta dos Capinhas\",\"alternateName\":\"Quinta dos Capinhas\",\"url\":\"https:\/\/quintadoscapinhas.com\/\",\"logo\":{\"@type\":\"ImageObject\",\"inLanguage\":\"fr-FR\",\"@id\":\"https:\/\/quintadoscapinhas.com\/#\/schema\/logo\/image\/\",\"url\":\"https:\/\/quintadoscapinhas.com\/wp-content\/uploads\/2022\/05\/Logo-com-camaleao-fundo-transparente-1.png\",\"contentUrl\":\"https:\/\/quintadoscapinhas.com\/wp-content\/uploads\/2022\/05\/Logo-com-camaleao-fundo-transparente-1.png\",\"width\":3000,\"height\":1200,\"caption\":\"Quinta dos Capinhas\"},\"image\":{\"@id\":\"https:\/\/quintadoscapinhas.com\/#\/schema\/logo\/image\/\"}}]}<\/script>\n<!-- \/ Yoast SEO plugin. -->","yoast_head_json":{"title":"Ros\u00e9 2023 &#8212; Quinta dos Capinhas","description":"Know all about the delicious Ros\u00e9 2023 wines by Quinta dos Capinhas, a beautiful vineyard in the Algarve region. Delivery in Portugal.","robots":{"index":"index","follow":"follow","max-snippet":"max-snippet:-1","max-image-preview":"max-image-preview:large","max-video-preview":"max-video-preview:-1"},"canonical":"https:\/\/quintadoscapinhas.com\/fr\/produit\/rose-2023\/","og_locale":"fr_FR","og_type":"article","og_title":"Ros\u00e9 2023 &#8212; Quinta dos Capinhas","og_description":"Know all about the delicious Ros\u00e9 2023 wines by Quinta dos Capinhas, a beautiful vineyard in the Algarve region. Delivery in Portugal.","og_url":"https:\/\/quintadoscapinhas.com\/fr\/produit\/rose-2023\/","og_site_name":"Quinta dos Capinhas","article_modified_time":"2025-01-18T12:21:05+00:00","og_image":[{"width":1599,"height":1600,"url":"https:\/\/quintadoscapinhas.com\/wp-content\/uploads\/2024\/07\/4211e835-0be2-44a8-8ed4-4141fa732ea3.png","type":"image\/png"}],"twitter_card":"summary_large_image","schema":{"@context":"https:\/\/schema.org","@graph":[{"@type":"WebPage","@id":"https:\/\/quintadoscapinhas.com\/product\/rose-2023\/","url":"https:\/\/quintadoscapinhas.com\/product\/rose-2023\/","name":"Ros\u00e9 2023 &#8212; Quinta dos Capinhas","isPartOf":{"@id":"https:\/\/quintadoscapinhas.com\/#website"},"primaryImageOfPage":{"@id":"https:\/\/quintadoscapinhas.com\/product\/rose-2023\/#primaryimage"},"image":{"@id":"https:\/\/quintadoscapinhas.com\/product\/rose-2023\/#primaryimage"},"thumbnailUrl":"https:\/\/quintadoscapinhas.com\/wp-content\/uploads\/2024\/07\/4211e835-0be2-44a8-8ed4-4141fa732ea3.png","datePublished":"2024-07-10T18:01:58+00:00","dateModified":"2025-01-18T12:21:05+00:00","description":"Know all about the delicious Ros\u00e9 2023 wines by Quinta dos Capinhas, a beautiful vineyard in the Algarve region. Delivery in Portugal.","breadcrumb":{"@id":"https:\/\/quintadoscapinhas.com\/product\/rose-2023\/#breadcrumb"},"inLanguage":"fr-FR","potentialAction":[{"@type":"ReadAction","target":["https:\/\/quintadoscapinhas.com\/product\/rose-2023\/"]}]},{"@type":"ImageObject","inLanguage":"fr-FR","@id":"https:\/\/quintadoscapinhas.com\/product\/rose-2023\/#primaryimage","url":"https:\/\/quintadoscapinhas.com\/wp-content\/uploads\/2024\/07\/4211e835-0be2-44a8-8ed4-4141fa732ea3.png","contentUrl":"https:\/\/quintadoscapinhas.com\/wp-content\/uploads\/2024\/07\/4211e835-0be2-44a8-8ed4-4141fa732ea3.png","width":1599,"height":1600},{"@type":"BreadcrumbList","@id":"https:\/\/quintadoscapinhas.com\/product\/rose-2023\/#breadcrumb","itemListElement":[{"@type":"ListItem","position":1,"name":"Home","item":"https:\/\/quintadoscapinhas.com\/"},{"@type":"ListItem","position":2,"name":"Shop","item":"https:\/\/quintadoscapinhas.com\/shop\/"},{"@type":"ListItem","position":3,"name":"Ros\u00e9 2023"}]},{"@type":"WebSite","@id":"https:\/\/quintadoscapinhas.com\/#website","url":"https:\/\/quintadoscapinhas.com\/","name":"Quinta dos Capinhas","description":"Liderando a nova vaga de vinhos algarvios","publisher":{"@id":"https:\/\/quintadoscapinhas.com\/#organization"},"alternateName":"Quinta dos Capinhas - Liderando a nova vaga de vinhos algarvios","potentialAction":[{"@type":"SearchAction","target":{"@type":"EntryPoint","urlTemplate":"https:\/\/quintadoscapinhas.com\/?s={search_term_string}"},"query-input":{"@type":"PropertyValueSpecification","valueRequired":true,"valueName":"search_term_string"}}],"inLanguage":"fr-FR"},{"@type":"Organization","@id":"https:\/\/quintadoscapinhas.com\/#organization","name":"Quinta dos Capinhas","alternateName":"Quinta dos Capinhas","url":"https:\/\/quintadoscapinhas.com\/","logo":{"@type":"ImageObject","inLanguage":"fr-FR","@id":"https:\/\/quintadoscapinhas.com\/#\/schema\/logo\/image\/","url":"https:\/\/quintadoscapinhas.com\/wp-content\/uploads\/2022\/05\/Logo-com-camaleao-fundo-transparente-1.png","contentUrl":"https:\/\/quintadoscapinhas.com\/wp-content\/uploads\/2022\/05\/Logo-com-camaleao-fundo-transparente-1.png","width":3000,"height":1200,"caption":"Quinta dos Capinhas"},"image":{"@id":"https:\/\/quintadoscapinhas.com\/#\/schema\/logo\/image\/"}}]}},"_links":{"self":[{"href":"https:\/\/quintadoscapinhas.com\/fr\/wp-json\/wp\/v2\/product\/8881","targetHints":{"allow":["GET"]}}],"collection":[{"href":"https:\/\/quintadoscapinhas.com\/fr\/wp-json\/wp\/v2\/product"}],"about":[{"href":"https:\/\/quintadoscapinhas.com\/fr\/wp-json\/wp\/v2\/types\/product"}],"replies":[{"embeddable":true,"href":"https:\/\/quintadoscapinhas.com\/fr\/wp-json\/wp\/v2\/comments?post=8881"}],"wp:featuredmedia":[{"embeddable":true,"href":"https:\/\/quintadoscapinhas.com\/fr\/wp-json\/wp\/v2\/media\/10396"}],"wp:attachment":[{"href":"https:\/\/quintadoscapinhas.com\/fr\/wp-json\/wp\/v2\/media?parent=8881"}],"wp:term":[{"taxonomy":"product_brand","embeddable":true,"href":"https:\/\/quintadoscapinhas.com\/fr\/wp-json\/wp\/v2\/product_brand?post=8881"},{"taxonomy":"product_cat","embeddable":true,"href":"https:\/\/quintadoscapinhas.com\/fr\/wp-json\/wp\/v2\/product_cat?post=8881"},{"taxonomy":"product_tag","embeddable":true,"href":"https:\/\/quintadoscapinhas.com\/fr\/wp-json\/wp\/v2\/product_tag?post=8881"}],"curies":[{"name":"wp","href":"https:\/\/api.w.org\/{rel}","templated":true}]}}