{"id":1104,"date":"2021-01-12T10:22:23","date_gmt":"2021-01-12T10:22:23","guid":{"rendered":"https:\/\/quintadoscapinhas.com\/?post_type=product&#038;p=1104"},"modified":"2026-01-07T15:03:53","modified_gmt":"2026-01-07T15:03:53","slug":"touriga-nacional-2019","status":"publish","type":"product","link":"https:\/\/quintadoscapinhas.com\/pt\/produto\/touriga-nacional-2019\/","title":{"rendered":"Touriga Nacional 2019"},"content":{"rendered":"<p><strong>\u00c1lcool<\/strong><br \/>\n14%<\/p>\n<p><strong>Modo de consumo<\/strong><br \/>\nDeve ser consumido a 16\u00baC<\/p>\n<p><strong>Harmoniza\u00e7\u00e3o com alimentos<\/strong><br \/>\nCarnes grelhadas e assadas no forno, bacalhau assado e polvo \u00e0 lagareiro<\/p>\n<p><strong>Vintage<\/strong><br \/>\nManual e noturno, de forma a preservar toda a qualidade das uvas rigorosamente seleccionadas da nossa vinha na Quinta dos Capinhas<\/p>\n<p><strong>Conserva\u00e7\u00e3o<\/strong><br \/>\nAs garrafas devem estar protegidas da luz solar, sem oscila\u00e7\u00f5es ou vibra\u00e7\u00f5es, em posi\u00e7\u00e3o total ou parcialmente horizontal, com o vinho em contacto com a rolha, em local fresco (entre 10 e 15\u00baC)<\/p>\n<p><strong>Alerg\u00e9nios<\/strong><br \/>\nCont\u00e9m sulfitos<\/p>","protected":false},"excerpt":{"rendered":"<p>Perfumado com caf\u00e9 expresso, compota, fruta em passa, ligeiras notas mentoladas e algum fumo. Texturizado, com boas notas de caf\u00e9, \u00e9 um vinho fresco, longo e equilibrado.<\/p>","protected":false},"featured_media":4857,"comment_status":"closed","ping_status":"closed","template":"","meta":[],"product_brand":[],"product_cat":[67],"product_tag":[],"class_list":{"0":"post-1104","1":"product","2":"type-product","3":"status-publish","4":"has-post-thumbnail","6":"product_cat-red-wine","8":"first","9":"instock","10":"shipping-taxable","11":"purchasable","12":"product-type-simple"},"yoast_head":"<!-- This site is optimized with the Yoast SEO plugin v26.8 - https:\/\/yoast.com\/product\/yoast-seo-wordpress\/ -->\n<title>Touriga Nacional 2019 &#8212; Quinta dos Capinhas<\/title>\n<meta name=\"description\" content=\"Know all about the delicious Touriga Nacional 2019 wines by Quinta dos Capinhas, a beautiful vineyard in the Algarve region. Delivery in Portugal.\" \/>\n<meta name=\"robots\" content=\"index, follow, max-snippet:-1, max-image-preview:large, max-video-preview:-1\" \/>\n<link rel=\"canonical\" href=\"https:\/\/quintadoscapinhas.com\/pt\/produto\/touriga-nacional-2019\/\" \/>\n<meta property=\"og:locale\" content=\"pt_PT\" \/>\n<meta property=\"og:type\" content=\"article\" \/>\n<meta property=\"og:title\" content=\"Touriga Nacional 2019 &#8212; Quinta dos Capinhas\" \/>\n<meta property=\"og:description\" content=\"Know all about the delicious Touriga Nacional 2019 wines by Quinta dos Capinhas, a beautiful vineyard in the Algarve region. Delivery in Portugal.\" \/>\n<meta property=\"og:url\" content=\"https:\/\/quintadoscapinhas.com\/pt\/produto\/touriga-nacional-2019\/\" \/>\n<meta property=\"og:site_name\" content=\"Quinta dos Capinhas\" \/>\n<meta property=\"article:modified_time\" content=\"2026-01-07T15:03:53+00:00\" \/>\n<meta property=\"og:image\" content=\"https:\/\/quintadoscapinhas.com\/wp-content\/uploads\/2021\/01\/MG_2938_square_t-2.png\" \/>\n\t<meta property=\"og:image:width\" content=\"2592\" \/>\n\t<meta property=\"og:image:height\" content=\"2592\" \/>\n\t<meta property=\"og:image:type\" content=\"image\/png\" \/>\n<meta name=\"twitter:card\" content=\"summary_large_image\" \/>\n<script type=\"application\/ld+json\" class=\"yoast-schema-graph\">{\"@context\":\"https:\/\/schema.org\",\"@graph\":[{\"@type\":\"WebPage\",\"@id\":\"https:\/\/quintadoscapinhas.com\/product\/touriga-nacional-2019\/\",\"url\":\"https:\/\/quintadoscapinhas.com\/product\/touriga-nacional-2019\/\",\"name\":\"Touriga Nacional 2019 &#8212; Quinta dos Capinhas\",\"isPartOf\":{\"@id\":\"https:\/\/quintadoscapinhas.com\/#website\"},\"primaryImageOfPage\":{\"@id\":\"https:\/\/quintadoscapinhas.com\/product\/touriga-nacional-2019\/#primaryimage\"},\"image\":{\"@id\":\"https:\/\/quintadoscapinhas.com\/product\/touriga-nacional-2019\/#primaryimage\"},\"thumbnailUrl\":\"https:\/\/quintadoscapinhas.com\/wp-content\/uploads\/2021\/01\/MG_2938_square_t-2.png\",\"datePublished\":\"2021-01-12T10:22:23+00:00\",\"dateModified\":\"2026-01-07T15:03:53+00:00\",\"description\":\"Know all about the delicious Touriga Nacional 2019 wines by Quinta dos Capinhas, a beautiful vineyard in the Algarve region. Delivery in Portugal.\",\"breadcrumb\":{\"@id\":\"https:\/\/quintadoscapinhas.com\/product\/touriga-nacional-2019\/#breadcrumb\"},\"inLanguage\":\"pt-PT\",\"potentialAction\":[{\"@type\":\"ReadAction\",\"target\":[\"https:\/\/quintadoscapinhas.com\/product\/touriga-nacional-2019\/\"]}]},{\"@type\":\"ImageObject\",\"inLanguage\":\"pt-PT\",\"@id\":\"https:\/\/quintadoscapinhas.com\/product\/touriga-nacional-2019\/#primaryimage\",\"url\":\"https:\/\/quintadoscapinhas.com\/wp-content\/uploads\/2021\/01\/MG_2938_square_t-2.png\",\"contentUrl\":\"https:\/\/quintadoscapinhas.com\/wp-content\/uploads\/2021\/01\/MG_2938_square_t-2.png\",\"width\":2592,\"height\":2592},{\"@type\":\"BreadcrumbList\",\"@id\":\"https:\/\/quintadoscapinhas.com\/product\/touriga-nacional-2019\/#breadcrumb\",\"itemListElement\":[{\"@type\":\"ListItem\",\"position\":1,\"name\":\"Home\",\"item\":\"https:\/\/quintadoscapinhas.com\/\"},{\"@type\":\"ListItem\",\"position\":2,\"name\":\"Shop\",\"item\":\"https:\/\/quintadoscapinhas.com\/shop\/\"},{\"@type\":\"ListItem\",\"position\":3,\"name\":\"Touriga Nacional 2019\"}]},{\"@type\":\"WebSite\",\"@id\":\"https:\/\/quintadoscapinhas.com\/#website\",\"url\":\"https:\/\/quintadoscapinhas.com\/\",\"name\":\"Quinta dos Capinhas\",\"description\":\"Liderando a nova vaga de vinhos algarvios\",\"publisher\":{\"@id\":\"https:\/\/quintadoscapinhas.com\/#organization\"},\"alternateName\":\"Quinta dos Capinhas - Liderando a nova vaga de vinhos algarvios\",\"potentialAction\":[{\"@type\":\"SearchAction\",\"target\":{\"@type\":\"EntryPoint\",\"urlTemplate\":\"https:\/\/quintadoscapinhas.com\/?s={search_term_string}\"},\"query-input\":{\"@type\":\"PropertyValueSpecification\",\"valueRequired\":true,\"valueName\":\"search_term_string\"}}],\"inLanguage\":\"pt-PT\"},{\"@type\":\"Organization\",\"@id\":\"https:\/\/quintadoscapinhas.com\/#organization\",\"name\":\"Quinta dos Capinhas\",\"alternateName\":\"Quinta dos Capinhas\",\"url\":\"https:\/\/quintadoscapinhas.com\/\",\"logo\":{\"@type\":\"ImageObject\",\"inLanguage\":\"pt-PT\",\"@id\":\"https:\/\/quintadoscapinhas.com\/#\/schema\/logo\/image\/\",\"url\":\"https:\/\/quintadoscapinhas.com\/wp-content\/uploads\/2022\/05\/Logo-com-camaleao-fundo-transparente-1.png\",\"contentUrl\":\"https:\/\/quintadoscapinhas.com\/wp-content\/uploads\/2022\/05\/Logo-com-camaleao-fundo-transparente-1.png\",\"width\":3000,\"height\":1200,\"caption\":\"Quinta dos Capinhas\"},\"image\":{\"@id\":\"https:\/\/quintadoscapinhas.com\/#\/schema\/logo\/image\/\"}}]}<\/script>\n<!-- \/ Yoast SEO plugin. -->","yoast_head_json":{"title":"Touriga Nacional 2019 &#8212; Quinta dos Capinhas","description":"Know all about the delicious Touriga Nacional 2019 wines by Quinta dos Capinhas, a beautiful vineyard in the Algarve region. Delivery in Portugal.","robots":{"index":"index","follow":"follow","max-snippet":"max-snippet:-1","max-image-preview":"max-image-preview:large","max-video-preview":"max-video-preview:-1"},"canonical":"https:\/\/quintadoscapinhas.com\/pt\/produto\/touriga-nacional-2019\/","og_locale":"pt_PT","og_type":"article","og_title":"Touriga Nacional 2019 &#8212; Quinta dos Capinhas","og_description":"Know all about the delicious Touriga Nacional 2019 wines by Quinta dos Capinhas, a beautiful vineyard in the Algarve region. Delivery in Portugal.","og_url":"https:\/\/quintadoscapinhas.com\/pt\/produto\/touriga-nacional-2019\/","og_site_name":"Quinta dos Capinhas","article_modified_time":"2026-01-07T15:03:53+00:00","og_image":[{"width":2592,"height":2592,"url":"https:\/\/quintadoscapinhas.com\/wp-content\/uploads\/2021\/01\/MG_2938_square_t-2.png","type":"image\/png"}],"twitter_card":"summary_large_image","schema":{"@context":"https:\/\/schema.org","@graph":[{"@type":"WebPage","@id":"https:\/\/quintadoscapinhas.com\/product\/touriga-nacional-2019\/","url":"https:\/\/quintadoscapinhas.com\/product\/touriga-nacional-2019\/","name":"Touriga Nacional 2019 &#8212; Quinta dos Capinhas","isPartOf":{"@id":"https:\/\/quintadoscapinhas.com\/#website"},"primaryImageOfPage":{"@id":"https:\/\/quintadoscapinhas.com\/product\/touriga-nacional-2019\/#primaryimage"},"image":{"@id":"https:\/\/quintadoscapinhas.com\/product\/touriga-nacional-2019\/#primaryimage"},"thumbnailUrl":"https:\/\/quintadoscapinhas.com\/wp-content\/uploads\/2021\/01\/MG_2938_square_t-2.png","datePublished":"2021-01-12T10:22:23+00:00","dateModified":"2026-01-07T15:03:53+00:00","description":"Know all about the delicious Touriga Nacional 2019 wines by Quinta dos Capinhas, a beautiful vineyard in the Algarve region. Delivery in Portugal.","breadcrumb":{"@id":"https:\/\/quintadoscapinhas.com\/product\/touriga-nacional-2019\/#breadcrumb"},"inLanguage":"pt-PT","potentialAction":[{"@type":"ReadAction","target":["https:\/\/quintadoscapinhas.com\/product\/touriga-nacional-2019\/"]}]},{"@type":"ImageObject","inLanguage":"pt-PT","@id":"https:\/\/quintadoscapinhas.com\/product\/touriga-nacional-2019\/#primaryimage","url":"https:\/\/quintadoscapinhas.com\/wp-content\/uploads\/2021\/01\/MG_2938_square_t-2.png","contentUrl":"https:\/\/quintadoscapinhas.com\/wp-content\/uploads\/2021\/01\/MG_2938_square_t-2.png","width":2592,"height":2592},{"@type":"BreadcrumbList","@id":"https:\/\/quintadoscapinhas.com\/product\/touriga-nacional-2019\/#breadcrumb","itemListElement":[{"@type":"ListItem","position":1,"name":"Home","item":"https:\/\/quintadoscapinhas.com\/"},{"@type":"ListItem","position":2,"name":"Shop","item":"https:\/\/quintadoscapinhas.com\/shop\/"},{"@type":"ListItem","position":3,"name":"Touriga Nacional 2019"}]},{"@type":"WebSite","@id":"https:\/\/quintadoscapinhas.com\/#website","url":"https:\/\/quintadoscapinhas.com\/","name":"Quinta dos Capinhas","description":"Liderando a nova vaga de vinhos algarvios","publisher":{"@id":"https:\/\/quintadoscapinhas.com\/#organization"},"alternateName":"Quinta dos Capinhas - Liderando a nova vaga de vinhos algarvios","potentialAction":[{"@type":"SearchAction","target":{"@type":"EntryPoint","urlTemplate":"https:\/\/quintadoscapinhas.com\/?s={search_term_string}"},"query-input":{"@type":"PropertyValueSpecification","valueRequired":true,"valueName":"search_term_string"}}],"inLanguage":"pt-PT"},{"@type":"Organization","@id":"https:\/\/quintadoscapinhas.com\/#organization","name":"Quinta dos Capinhas","alternateName":"Quinta dos Capinhas","url":"https:\/\/quintadoscapinhas.com\/","logo":{"@type":"ImageObject","inLanguage":"pt-PT","@id":"https:\/\/quintadoscapinhas.com\/#\/schema\/logo\/image\/","url":"https:\/\/quintadoscapinhas.com\/wp-content\/uploads\/2022\/05\/Logo-com-camaleao-fundo-transparente-1.png","contentUrl":"https:\/\/quintadoscapinhas.com\/wp-content\/uploads\/2022\/05\/Logo-com-camaleao-fundo-transparente-1.png","width":3000,"height":1200,"caption":"Quinta dos Capinhas"},"image":{"@id":"https:\/\/quintadoscapinhas.com\/#\/schema\/logo\/image\/"}}]}},"_links":{"self":[{"href":"https:\/\/quintadoscapinhas.com\/pt\/wp-json\/wp\/v2\/product\/1104","targetHints":{"allow":["GET"]}}],"collection":[{"href":"https:\/\/quintadoscapinhas.com\/pt\/wp-json\/wp\/v2\/product"}],"about":[{"href":"https:\/\/quintadoscapinhas.com\/pt\/wp-json\/wp\/v2\/types\/product"}],"replies":[{"embeddable":true,"href":"https:\/\/quintadoscapinhas.com\/pt\/wp-json\/wp\/v2\/comments?post=1104"}],"wp:featuredmedia":[{"embeddable":true,"href":"https:\/\/quintadoscapinhas.com\/pt\/wp-json\/wp\/v2\/media\/4857"}],"wp:attachment":[{"href":"https:\/\/quintadoscapinhas.com\/pt\/wp-json\/wp\/v2\/media?parent=1104"}],"wp:term":[{"taxonomy":"product_brand","embeddable":true,"href":"https:\/\/quintadoscapinhas.com\/pt\/wp-json\/wp\/v2\/product_brand?post=1104"},{"taxonomy":"product_cat","embeddable":true,"href":"https:\/\/quintadoscapinhas.com\/pt\/wp-json\/wp\/v2\/product_cat?post=1104"},{"taxonomy":"product_tag","embeddable":true,"href":"https:\/\/quintadoscapinhas.com\/pt\/wp-json\/wp\/v2\/product_tag?post=1104"}],"curies":[{"name":"wp","href":"https:\/\/api.w.org\/{rel}","templated":true}]}}