{"id":4496,"date":"2022-12-03T13:27:44","date_gmt":"2022-12-03T13:27:44","guid":{"rendered":"https:\/\/quintadoscapinhas.com\/?post_type=product&#038;p=4496"},"modified":"2025-04-30T14:21:09","modified_gmt":"2025-04-30T14:21:09","slug":"antao-vaz-2021","status":"publish","type":"product","link":"https:\/\/quintadoscapinhas.com\/pt\/produto\/antao-vaz-2021\/","title":{"rendered":"Ant\u00e3o Vaz 2021"},"content":{"rendered":"<p><strong>\u00c1lcool<\/strong><br \/>\n12.5%<\/p>\n<p><strong>Modo de consumo<\/strong><br \/>\nDeve ser consumido a uma temperatura de 10 a 12\u00baC<\/p>\n<p><strong>Harmoniza\u00e7\u00e3o com alimentos<\/strong><br \/>\nO companheiro perfeito para peixes, mariscos e saladas<\/p>\n<p><strong>Vintage<\/strong><br \/>\nManual e noturno, de forma a preservar toda a qualidade das uvas rigorosamente seleccionadas da nossa vinha na Quinta dos Capinhas<\/p>\n<p><strong>Conserva\u00e7\u00e3o<\/strong><br \/>\nAs garrafas devem estar protegidas da luz solar, sem oscila\u00e7\u00f5es ou vibra\u00e7\u00f5es, em posi\u00e7\u00e3o total ou parcialmente horizontal, com o vinho em contacto com a rolha, em local fresco (entre 10 e 15\u00baC)<\/p>\n<p><strong>Alerg\u00e9nios<\/strong><br \/>\nCont\u00e9m sulfitos<\/p>","protected":false},"excerpt":{"rendered":"<p>Revela um lado floral contido, com uma base de mel e fruta de pomar. Fresco, leve e mineral.<\/p>","protected":false},"featured_media":4839,"comment_status":"closed","ping_status":"closed","template":"","meta":[],"product_brand":[],"product_cat":[85],"product_tag":[],"class_list":{"0":"post-4496","1":"product","2":"type-product","3":"status-publish","4":"has-post-thumbnail","6":"product_cat-white-wine","8":"first","9":"instock","10":"shipping-taxable","11":"purchasable","12":"product-type-simple"},"yoast_head":"<!-- This site is optimized with the Yoast SEO plugin v26.8 - https:\/\/yoast.com\/product\/yoast-seo-wordpress\/ -->\n<title>Ant\u00e3o Vaz 2021 &#8212; Quinta dos Capinhas<\/title>\n<meta name=\"description\" content=\"Know all about the delicious Ant\u00e3o Vaz 2021 wines by Quinta dos Capinhas, a beautiful vineyard in the Algarve region. Delivery in continental Portugal.\" \/>\n<meta name=\"robots\" content=\"index, follow, max-snippet:-1, max-image-preview:large, max-video-preview:-1\" \/>\n<link rel=\"canonical\" href=\"https:\/\/quintadoscapinhas.com\/pt\/produto\/antao-vaz-2021\/\" \/>\n<meta property=\"og:locale\" content=\"pt_PT\" \/>\n<meta property=\"og:type\" content=\"article\" \/>\n<meta property=\"og:title\" content=\"Ant\u00e3o Vaz 2021 &#8212; Quinta dos Capinhas\" \/>\n<meta property=\"og:description\" content=\"Know all about the delicious Ant\u00e3o Vaz 2021 wines by Quinta dos Capinhas, a beautiful vineyard in the Algarve region. Delivery in continental Portugal.\" \/>\n<meta property=\"og:url\" content=\"https:\/\/quintadoscapinhas.com\/pt\/produto\/antao-vaz-2021\/\" \/>\n<meta property=\"og:site_name\" content=\"Quinta dos Capinhas\" \/>\n<meta property=\"article:modified_time\" content=\"2025-04-30T14:21:09+00:00\" \/>\n<meta property=\"og:image\" content=\"https:\/\/quintadoscapinhas.com\/wp-content\/uploads\/2022\/12\/MG_2939_square_t-1.png\" \/>\n\t<meta property=\"og:image:width\" content=\"2592\" \/>\n\t<meta property=\"og:image:height\" content=\"2592\" \/>\n\t<meta property=\"og:image:type\" content=\"image\/png\" \/>\n<meta name=\"twitter:card\" content=\"summary_large_image\" \/>\n<script type=\"application\/ld+json\" class=\"yoast-schema-graph\">{\"@context\":\"https:\/\/schema.org\",\"@graph\":[{\"@type\":\"WebPage\",\"@id\":\"https:\/\/quintadoscapinhas.com\/product\/antao-vaz-2021\/\",\"url\":\"https:\/\/quintadoscapinhas.com\/product\/antao-vaz-2021\/\",\"name\":\"Ant\u00e3o Vaz 2021 &#8212; Quinta dos Capinhas\",\"isPartOf\":{\"@id\":\"https:\/\/quintadoscapinhas.com\/#website\"},\"primaryImageOfPage\":{\"@id\":\"https:\/\/quintadoscapinhas.com\/product\/antao-vaz-2021\/#primaryimage\"},\"image\":{\"@id\":\"https:\/\/quintadoscapinhas.com\/product\/antao-vaz-2021\/#primaryimage\"},\"thumbnailUrl\":\"https:\/\/quintadoscapinhas.com\/wp-content\/uploads\/2022\/12\/MG_2939_square_t-1.png\",\"datePublished\":\"2022-12-03T13:27:44+00:00\",\"dateModified\":\"2025-04-30T14:21:09+00:00\",\"description\":\"Know all about the delicious Ant\u00e3o Vaz 2021 wines by Quinta dos Capinhas, a beautiful vineyard in the Algarve region. Delivery in continental Portugal.\",\"breadcrumb\":{\"@id\":\"https:\/\/quintadoscapinhas.com\/product\/antao-vaz-2021\/#breadcrumb\"},\"inLanguage\":\"pt-PT\",\"potentialAction\":[{\"@type\":\"ReadAction\",\"target\":[\"https:\/\/quintadoscapinhas.com\/product\/antao-vaz-2021\/\"]}]},{\"@type\":\"ImageObject\",\"inLanguage\":\"pt-PT\",\"@id\":\"https:\/\/quintadoscapinhas.com\/product\/antao-vaz-2021\/#primaryimage\",\"url\":\"https:\/\/quintadoscapinhas.com\/wp-content\/uploads\/2022\/12\/MG_2939_square_t-1.png\",\"contentUrl\":\"https:\/\/quintadoscapinhas.com\/wp-content\/uploads\/2022\/12\/MG_2939_square_t-1.png\",\"width\":2592,\"height\":2592},{\"@type\":\"BreadcrumbList\",\"@id\":\"https:\/\/quintadoscapinhas.com\/product\/antao-vaz-2021\/#breadcrumb\",\"itemListElement\":[{\"@type\":\"ListItem\",\"position\":1,\"name\":\"Home\",\"item\":\"https:\/\/quintadoscapinhas.com\/\"},{\"@type\":\"ListItem\",\"position\":2,\"name\":\"Shop\",\"item\":\"https:\/\/quintadoscapinhas.com\/shop\/\"},{\"@type\":\"ListItem\",\"position\":3,\"name\":\"Ant\u00e3o Vaz 2021\"}]},{\"@type\":\"WebSite\",\"@id\":\"https:\/\/quintadoscapinhas.com\/#website\",\"url\":\"https:\/\/quintadoscapinhas.com\/\",\"name\":\"Quinta dos Capinhas\",\"description\":\"Liderando a nova vaga de vinhos algarvios\",\"publisher\":{\"@id\":\"https:\/\/quintadoscapinhas.com\/#organization\"},\"alternateName\":\"Quinta dos Capinhas - Liderando a nova vaga de vinhos algarvios\",\"potentialAction\":[{\"@type\":\"SearchAction\",\"target\":{\"@type\":\"EntryPoint\",\"urlTemplate\":\"https:\/\/quintadoscapinhas.com\/?s={search_term_string}\"},\"query-input\":{\"@type\":\"PropertyValueSpecification\",\"valueRequired\":true,\"valueName\":\"search_term_string\"}}],\"inLanguage\":\"pt-PT\"},{\"@type\":\"Organization\",\"@id\":\"https:\/\/quintadoscapinhas.com\/#organization\",\"name\":\"Quinta dos Capinhas\",\"alternateName\":\"Quinta dos Capinhas\",\"url\":\"https:\/\/quintadoscapinhas.com\/\",\"logo\":{\"@type\":\"ImageObject\",\"inLanguage\":\"pt-PT\",\"@id\":\"https:\/\/quintadoscapinhas.com\/#\/schema\/logo\/image\/\",\"url\":\"https:\/\/quintadoscapinhas.com\/wp-content\/uploads\/2022\/05\/Logo-com-camaleao-fundo-transparente-1.png\",\"contentUrl\":\"https:\/\/quintadoscapinhas.com\/wp-content\/uploads\/2022\/05\/Logo-com-camaleao-fundo-transparente-1.png\",\"width\":3000,\"height\":1200,\"caption\":\"Quinta dos Capinhas\"},\"image\":{\"@id\":\"https:\/\/quintadoscapinhas.com\/#\/schema\/logo\/image\/\"}}]}<\/script>\n<!-- \/ Yoast SEO plugin. -->","yoast_head_json":{"title":"Ant\u00e3o Vaz 2021 - Quinta dos Capinhas","description":"Saiba tudo sobre os deliciosos vinhos Ant\u00e3o Vaz 2021 da Quinta dos Capinhas, uma bela vinha na regi\u00e3o do Algarve. Entrega em Portugal Continental.","robots":{"index":"index","follow":"follow","max-snippet":"max-snippet:-1","max-image-preview":"max-image-preview:large","max-video-preview":"max-video-preview:-1"},"canonical":"https:\/\/quintadoscapinhas.com\/pt\/produto\/antao-vaz-2021\/","og_locale":"pt_PT","og_type":"article","og_title":"Ant\u00e3o Vaz 2021 &#8212; Quinta dos Capinhas","og_description":"Know all about the delicious Ant\u00e3o Vaz 2021 wines by Quinta dos Capinhas, a beautiful vineyard in the Algarve region. Delivery in continental Portugal.","og_url":"https:\/\/quintadoscapinhas.com\/pt\/produto\/antao-vaz-2021\/","og_site_name":"Quinta dos Capinhas","article_modified_time":"2025-04-30T14:21:09+00:00","og_image":[{"width":2592,"height":2592,"url":"https:\/\/quintadoscapinhas.com\/wp-content\/uploads\/2022\/12\/MG_2939_square_t-1.png","type":"image\/png"}],"twitter_card":"summary_large_image","schema":{"@context":"https:\/\/schema.org","@graph":[{"@type":"WebPage","@id":"https:\/\/quintadoscapinhas.com\/product\/antao-vaz-2021\/","url":"https:\/\/quintadoscapinhas.com\/product\/antao-vaz-2021\/","name":"Ant\u00e3o Vaz 2021 - Quinta dos Capinhas","isPartOf":{"@id":"https:\/\/quintadoscapinhas.com\/#website"},"primaryImageOfPage":{"@id":"https:\/\/quintadoscapinhas.com\/product\/antao-vaz-2021\/#primaryimage"},"image":{"@id":"https:\/\/quintadoscapinhas.com\/product\/antao-vaz-2021\/#primaryimage"},"thumbnailUrl":"https:\/\/quintadoscapinhas.com\/wp-content\/uploads\/2022\/12\/MG_2939_square_t-1.png","datePublished":"2022-12-03T13:27:44+00:00","dateModified":"2025-04-30T14:21:09+00:00","description":"Saiba tudo sobre os deliciosos vinhos Ant\u00e3o Vaz 2021 da Quinta dos Capinhas, uma bela vinha na regi\u00e3o do Algarve. Entrega em Portugal Continental.","breadcrumb":{"@id":"https:\/\/quintadoscapinhas.com\/product\/antao-vaz-2021\/#breadcrumb"},"inLanguage":"pt-PT","potentialAction":[{"@type":"ReadAction","target":["https:\/\/quintadoscapinhas.com\/product\/antao-vaz-2021\/"]}]},{"@type":"ImageObject","inLanguage":"pt-PT","@id":"https:\/\/quintadoscapinhas.com\/product\/antao-vaz-2021\/#primaryimage","url":"https:\/\/quintadoscapinhas.com\/wp-content\/uploads\/2022\/12\/MG_2939_square_t-1.png","contentUrl":"https:\/\/quintadoscapinhas.com\/wp-content\/uploads\/2022\/12\/MG_2939_square_t-1.png","width":2592,"height":2592},{"@type":"BreadcrumbList","@id":"https:\/\/quintadoscapinhas.com\/product\/antao-vaz-2021\/#breadcrumb","itemListElement":[{"@type":"ListItem","position":1,"name":"Home","item":"https:\/\/quintadoscapinhas.com\/"},{"@type":"ListItem","position":2,"name":"Shop","item":"https:\/\/quintadoscapinhas.com\/shop\/"},{"@type":"ListItem","position":3,"name":"Ant\u00e3o Vaz 2021"}]},{"@type":"WebSite","@id":"https:\/\/quintadoscapinhas.com\/#website","url":"https:\/\/quintadoscapinhas.com\/","name":"Quinta dos Capinhas","description":"Liderando a nova vaga de vinhos algarvios","publisher":{"@id":"https:\/\/quintadoscapinhas.com\/#organization"},"alternateName":"Quinta dos Capinhas - Liderando a nova vaga de vinhos algarvios","potentialAction":[{"@type":"SearchAction","target":{"@type":"EntryPoint","urlTemplate":"https:\/\/quintadoscapinhas.com\/?s={search_term_string}"},"query-input":{"@type":"PropertyValueSpecification","valueRequired":true,"valueName":"search_term_string"}}],"inLanguage":"pt-PT"},{"@type":"Organization","@id":"https:\/\/quintadoscapinhas.com\/#organization","name":"Quinta dos Capinhas","alternateName":"Quinta dos Capinhas","url":"https:\/\/quintadoscapinhas.com\/","logo":{"@type":"ImageObject","inLanguage":"pt-PT","@id":"https:\/\/quintadoscapinhas.com\/#\/schema\/logo\/image\/","url":"https:\/\/quintadoscapinhas.com\/wp-content\/uploads\/2022\/05\/Logo-com-camaleao-fundo-transparente-1.png","contentUrl":"https:\/\/quintadoscapinhas.com\/wp-content\/uploads\/2022\/05\/Logo-com-camaleao-fundo-transparente-1.png","width":3000,"height":1200,"caption":"Quinta dos Capinhas"},"image":{"@id":"https:\/\/quintadoscapinhas.com\/#\/schema\/logo\/image\/"}}]}},"_links":{"self":[{"href":"https:\/\/quintadoscapinhas.com\/pt\/wp-json\/wp\/v2\/product\/4496","targetHints":{"allow":["GET"]}}],"collection":[{"href":"https:\/\/quintadoscapinhas.com\/pt\/wp-json\/wp\/v2\/product"}],"about":[{"href":"https:\/\/quintadoscapinhas.com\/pt\/wp-json\/wp\/v2\/types\/product"}],"replies":[{"embeddable":true,"href":"https:\/\/quintadoscapinhas.com\/pt\/wp-json\/wp\/v2\/comments?post=4496"}],"wp:featuredmedia":[{"embeddable":true,"href":"https:\/\/quintadoscapinhas.com\/pt\/wp-json\/wp\/v2\/media\/4839"}],"wp:attachment":[{"href":"https:\/\/quintadoscapinhas.com\/pt\/wp-json\/wp\/v2\/media?parent=4496"}],"wp:term":[{"taxonomy":"product_brand","embeddable":true,"href":"https:\/\/quintadoscapinhas.com\/pt\/wp-json\/wp\/v2\/product_brand?post=4496"},{"taxonomy":"product_cat","embeddable":true,"href":"https:\/\/quintadoscapinhas.com\/pt\/wp-json\/wp\/v2\/product_cat?post=4496"},{"taxonomy":"product_tag","embeddable":true,"href":"https:\/\/quintadoscapinhas.com\/pt\/wp-json\/wp\/v2\/product_tag?post=4496"}],"curies":[{"name":"wp","href":"https:\/\/api.w.org\/{rel}","templated":true}]}}